{"id":9757,"date":"2024-05-25T22:25:27","date_gmt":"2024-05-25T20:25:27","guid":{"rendered":"https:\/\/combi-pro.com\/?post_type=product&#038;p=9757"},"modified":"2026-04-13T20:23:02","modified_gmt":"2026-04-13T18:23:02","slug":"346-pantalon-detachable","status":"publish","type":"product","link":"https:\/\/combi-pro.com\/fr\/boutique\/346-pantalon-detachable\/","title":{"rendered":"Pantalon de travail multi-poches d\u00e9tachable 346 | VELILLA"},"content":{"rendered":"<div class=\"data item\" role=\"tablist\">\n<div id=\"tab-label-description\" class=\"data item title active\" tabindex=\"0\" role=\"tab\" data-role=\"collapsible\" data-collapsible=\"true\" aria-controls=\"description\" aria-selected=\"false\" aria-expanded=\"true\">\n<p data-start=\"696\" data-end=\"728\"><strong data-start=\"699\" data-end=\"728\">Caract\u00e9ristiques techniques :<\/strong><\/p>\n<ul>\n<li data-start=\"732\" data-end=\"767\">Mod\u00e8le d\u00e9tachable (style bermuda)<\/li>\n<li data-start=\"770\" data-end=\"809\">Fermeture centrale \u00e0 glissi\u00e8re et bouton<\/li>\n<li data-start=\"812\" data-end=\"854\">Taille \u00e9lastiqu\u00e9e pour plus de confort<\/li>\n<li data-start=\"857\" data-end=\"887\">Coutures de s\u00e9curit\u00e9 \u00e0 l'arri\u00e8re<\/li>\n<li data-start=\"890\" data-end=\"931\">Poign\u00e9es ergonomiques pour une meilleure mobilit\u00e9<\/li>\n<li data-start=\"934\" data-end=\"963\">Six poches fonctionnelles :<\/li>\n<li data-start=\"968\" data-end=\"991\">2 poches fran\u00e7aises<\/li>\n<li data-start=\"996\" data-end=\"1055\">2 poches plaqu\u00e9es avec soufflet central, rabat et velcro<\/li>\n<li data-start=\"1060\" data-end=\"1112\">2 poches arri\u00e8re \u00e0 soufflet avec rabat et velcro<\/li>\n<\/ul>\n<p data-start=\"1114\" data-end=\"1130\"><strong data-start=\"1117\" data-end=\"1128\">Tissu:<\/strong><\/p>\n<ul>\n<li data-start=\"1133\" data-end=\"1169\">Twill : 65% polyester - 35% coton<\/li>\n<li data-start=\"1172\" data-end=\"1189\">Grammage : 200 g\/m\u00b2.<\/li>\n<\/ul>\n<p data-start=\"1191\" data-end=\"1212\"><strong data-start=\"1194\" data-end=\"1203\">Gamme :<\/strong> Les classiques<\/p>\n<p data-start=\"1214\" data-end=\"1392\"><strong data-start=\"1216\" data-end=\"1241\">Recommandation d'utilisation :<\/strong><\/p>\n<ul>\n<li data-start=\"1214\" data-end=\"1392\">Parfait pour les professionnels travaillant en ext\u00e9rieur avec des changements de temp\u00e9rature. Le syst\u00e8me amovible permet de le transformer facilement en bermuda.<\/li>\n<\/ul>\n<\/div>\n<\/div>","protected":false},"excerpt":{"rendered":"<p data-start=\"380\" data-end=\"523\">Pantalon multi-poches avec passants amovibles, id\u00e9al pour le temps variable. R\u00e9sistant et confortable.<\/p>\n<p data-start=\"380\" data-end=\"523\"><img decoding=\"async\" class=\"alignnone wp-image-15355\" src=\"https:\/\/combi-pro.com\/wp-content\/uploads\/2024\/04\/DESMONTABLE.png\" alt=\"\" width=\"40\" height=\"40\" srcset=\"https:\/\/combi-pro.com\/wp-content\/uploads\/2024\/04\/DESMONTABLE.png 228w, https:\/\/combi-pro.com\/wp-content\/uploads\/2024\/04\/DESMONTABLE-100x100.png 100w, https:\/\/combi-pro.com\/wp-content\/uploads\/2024\/04\/DESMONTABLE-64x64.png 64w, https:\/\/combi-pro.com\/wp-content\/uploads\/2024\/04\/DESMONTABLE-150x150.png 150w, https:\/\/combi-pro.com\/wp-content\/uploads\/2024\/04\/DESMONTABLE-12x12.png 12w\" sizes=\"(max-width: 40px) 100vw, 40px\" \/><\/p>\n<p><strong>GUIDE DES TAILLES<\/strong><\/p>\n<p><strong><img fetchpriority=\"high\" decoding=\"async\" class=\"alignnone wp-image-17882\" src=\"https:\/\/combi-pro.com\/wp-content\/uploads\/2024\/05\/108.5-113.5-screenshot-1750334137817-300x213.png\" alt=\"\" width=\"282\" height=\"200\" srcset=\"https:\/\/combi-pro.com\/wp-content\/uploads\/2024\/05\/108.5-113.5-screenshot-1750334137817-300x213.png 300w, https:\/\/combi-pro.com\/wp-content\/uploads\/2024\/05\/108.5-113.5-screenshot-1750334137817-18x12.png 18w, https:\/\/combi-pro.com\/wp-content\/uploads\/2024\/05\/108.5-113.5-screenshot-1750334137817-64x45.png 64w, https:\/\/combi-pro.com\/wp-content\/uploads\/2024\/05\/108.5-113.5-screenshot-1750334137817.png 402w\" sizes=\"(max-width: 282px) 100vw, 282px\" \/> <img decoding=\"async\" class=\"alignnone wp-image-17729\" src=\"https:\/\/combi-pro.com\/wp-content\/uploads\/2024\/05\/screenshot-1749765502228.png\" alt=\"\" width=\"212\" height=\"160\" srcset=\"https:\/\/combi-pro.com\/wp-content\/uploads\/2024\/05\/screenshot-1749765502228.png 292w, https:\/\/combi-pro.com\/wp-content\/uploads\/2024\/05\/screenshot-1749765502228-64x48.png 64w, https:\/\/combi-pro.com\/wp-content\/uploads\/2024\/05\/screenshot-1749765502228-16x12.png 16w\" sizes=\"(max-width: 212px) 100vw, 212px\" \/>\u00a0 \u00a0<\/strong><\/p>","protected":false},"featured_media":9762,"template":"","meta":{"site-sidebar-layout":"default","site-content-layout":"","ast-site-content-layout":"default","site-content-style":"default","site-sidebar-style":"default","ast-global-header-display":"","ast-banner-title-visibility":"","ast-main-header-display":"","ast-hfb-above-header-display":"","ast-hfb-below-header-display":"","ast-hfb-mobile-header-display":"","site-post-title":"","ast-breadcrumbs-content":"","ast-featured-img":"","footer-sml-layout":"","ast-disable-related-posts":"","theme-transparent-header-meta":"default","adv-header-id-meta":"","stick-header-meta":"","header-above-stick-meta":"","header-main-stick-meta":"","header-below-stick-meta":"","astra-migrate-meta-layouts":"set","ast-page-background-enabled":"default","ast-page-background-meta":{"desktop":{"background-color":"","background-image":"","background-repeat":"repeat","background-position":"center center","background-size":"auto","background-attachment":"scroll","background-type":"","background-media":"","overlay-type":"","overlay-color":"","overlay-opacity":"","overlay-gradient":""},"tablet":{"background-color":"","background-image":"","background-repeat":"repeat","background-position":"center center","background-size":"auto","background-attachment":"scroll","background-type":"","background-media":"","overlay-type":"","overlay-color":"","overlay-opacity":"","overlay-gradient":""},"mobile":{"background-color":"","background-image":"","background-repeat":"repeat","background-position":"center center","background-size":"auto","background-attachment":"scroll","background-type":"","background-media":"","overlay-type":"","overlay-color":"","overlay-opacity":"","overlay-gradient":""}},"ast-content-background-meta":{"desktop":{"background-color":"var(--ast-global-color-5)","background-image":"","background-repeat":"repeat","background-position":"center center","background-size":"auto","background-attachment":"scroll","background-type":"","background-media":"","overlay-type":"","overlay-color":"","overlay-opacity":"","overlay-gradient":""},"tablet":{"background-color":"var(--ast-global-color-5)","background-image":"","background-repeat":"repeat","background-position":"center center","background-size":"auto","background-attachment":"scroll","background-type":"","background-media":"","overlay-type":"","overlay-color":"","overlay-opacity":"","overlay-gradient":""},"mobile":{"background-color":"var(--ast-global-color-5)","background-image":"","background-repeat":"repeat","background-position":"center center","background-size":"auto","background-attachment":"scroll","background-type":"","background-media":"","overlay-type":"","overlay-color":"","overlay-opacity":"","overlay-gradient":""}}},"product_brand":[442],"product_cat":[30,86,50],"product_tag":[],"class_list":{"0":"post-9757","1":"product","2":"type-product","3":"status-publish","4":"has-post-thumbnail","6":"product_brand-velilla","7":"product_cat-industria-base","8":"product_cat-pantalones","9":"product_cat-ropa-profesional","10":"desktop-align-center","11":"tablet-align-left","12":"mobile-align-left","14":"first","15":"outofstock","16":"taxable","17":"shipping-taxable","18":"purchasable","19":"product-type-variable"},"_links":{"self":[{"href":"https:\/\/combi-pro.com\/fr\/wp-json\/wp\/v2\/product\/9757","targetHints":{"allow":["GET"]}}],"collection":[{"href":"https:\/\/combi-pro.com\/fr\/wp-json\/wp\/v2\/product"}],"about":[{"href":"https:\/\/combi-pro.com\/fr\/wp-json\/wp\/v2\/types\/product"}],"wp:featuredmedia":[{"embeddable":true,"href":"https:\/\/combi-pro.com\/fr\/wp-json\/wp\/v2\/media\/9762"}],"wp:attachment":[{"href":"https:\/\/combi-pro.com\/fr\/wp-json\/wp\/v2\/media?parent=9757"}],"wp:term":[{"taxonomy":"product_brand","embeddable":true,"href":"https:\/\/combi-pro.com\/fr\/wp-json\/wp\/v2\/product_brand?post=9757"},{"taxonomy":"product_cat","embeddable":true,"href":"https:\/\/combi-pro.com\/fr\/wp-json\/wp\/v2\/product_cat?post=9757"},{"taxonomy":"product_tag","embeddable":true,"href":"https:\/\/combi-pro.com\/fr\/wp-json\/wp\/v2\/product_tag?post=9757"}],"curies":[{"name":"wp","href":"https:\/\/api.w.org\/{rel}","templated":true}]}}