{"id":9771,"date":"2024-05-25T22:33:32","date_gmt":"2024-05-25T20:33:32","guid":{"rendered":"https:\/\/combi-pro.com\/?post_type=product&#038;p=9771"},"modified":"2026-04-13T20:23:21","modified_gmt":"2026-04-13T18:23:21","slug":"344-bermudes","status":"publish","type":"product","link":"https:\/\/combi-pro.com\/fr\/boutique\/344-bermudes\/","title":{"rendered":"Bermuda de travail multi-poches avec ceinture \u00e9lastique 344 | VELILLA"},"content":{"rendered":"<p data-start=\"576\" data-end=\"608\"><strong data-start=\"579\" data-end=\"608\">Caract\u00e9ristiques techniques :<\/strong><\/p>\n<ul>\n<li data-start=\"612\" data-end=\"655\">Fermeture centrale \u00e0 glissi\u00e8re et bouton<\/li>\n<li data-start=\"658\" data-end=\"704\">Taille \u00e9lastiqu\u00e9e pour plus de confort<\/li>\n<li data-start=\"707\" data-end=\"764\">Coutures de s\u00e9curit\u00e9 \u00e0 l'arri\u00e8re pour plus de solidit\u00e9<\/li>\n<li data-start=\"767\" data-end=\"800\">Des pinces pour un meilleur ajustement<\/li>\n<li data-start=\"803\" data-end=\"824\">Six poches :<\/li>\n<li data-start=\"829\" data-end=\"852\">2 poches fran\u00e7aises<\/li>\n<li data-start=\"857\" data-end=\"916\">2 poches plaqu\u00e9es avec soufflet central, rabat et velcro<\/li>\n<li data-start=\"921\" data-end=\"971\">2 poches arri\u00e8re \u00e0 soufflet avec rabat et velcro<\/li>\n<\/ul>\n<p data-start=\"973\" data-end=\"1000\"><strong data-start=\"976\" data-end=\"985\">Gamme : <\/strong>Les classiques<\/p>\n<p data-start=\"1002\" data-end=\"1018\"><strong data-start=\"1005\" data-end=\"1016\">Tissu:<\/strong><\/p>\n<ul>\n<li data-start=\"1021\" data-end=\"1061\">Twill : 65% polyester - 35% coton<\/li>\n<li data-start=\"1064\" data-end=\"1085\">Grammage : 200 g\/m\u00b2.<\/li>\n<\/ul>\n<p data-start=\"1087\" data-end=\"1240\"><strong data-start=\"1089\" data-end=\"1114\">Recommandation d'utilisation :<\/strong><\/p>\n<ul>\n<li data-start=\"1087\" data-end=\"1240\">Parfait pour les travaux qui n\u00e9cessitent un confort et un rangement suppl\u00e9mentaires, comme dans les ateliers, les entrep\u00f4ts ou les travaux ext\u00e9rieurs.<\/li>\n<\/ul>","protected":false},"excerpt":{"rendered":"<p data-start=\"215\" data-end=\"379\">Bermuda de travail avec poches multiples et ceinture \u00e9lastiqu\u00e9e, id\u00e9al pour les t\u00e2ches n\u00e9cessitant confort et praticit\u00e9.<\/p>\n<p><strong>GUIDE DES TAILLES<\/strong><\/p>\n<p><strong><img fetchpriority=\"high\" decoding=\"async\" class=\"alignnone wp-image-17815\" src=\"https:\/\/combi-pro.com\/wp-content\/uploads\/2024\/05\/51-56-screenshot-1750116095806-300x201.png\" alt=\"\" width=\"299\" height=\"200\" srcset=\"https:\/\/combi-pro.com\/wp-content\/uploads\/2024\/05\/51-56-screenshot-1750116095806-300x201.png 300w, https:\/\/combi-pro.com\/wp-content\/uploads\/2024\/05\/51-56-screenshot-1750116095806-64x43.png 64w, https:\/\/combi-pro.com\/wp-content\/uploads\/2024\/05\/51-56-screenshot-1750116095806-18x12.png 18w, https:\/\/combi-pro.com\/wp-content\/uploads\/2024\/05\/51-56-screenshot-1750116095806.png 399w\" sizes=\"(max-width: 299px) 100vw, 299px\" \/> <img decoding=\"async\" class=\"alignnone wp-image-17729\" src=\"https:\/\/combi-pro.com\/wp-content\/uploads\/2024\/05\/screenshot-1749765502228.png\" alt=\"\" width=\"239\" height=\"180\" srcset=\"https:\/\/combi-pro.com\/wp-content\/uploads\/2024\/05\/screenshot-1749765502228.png 292w, https:\/\/combi-pro.com\/wp-content\/uploads\/2024\/05\/screenshot-1749765502228-64x48.png 64w, https:\/\/combi-pro.com\/wp-content\/uploads\/2024\/05\/screenshot-1749765502228-16x12.png 16w\" sizes=\"(max-width: 239px) 100vw, 239px\" \/>\u00a0 \u00a0<\/strong><\/p>","protected":false},"featured_media":9787,"template":"","meta":{"site-sidebar-layout":"default","site-content-layout":"","ast-site-content-layout":"default","site-content-style":"default","site-sidebar-style":"default","ast-global-header-display":"","ast-banner-title-visibility":"","ast-main-header-display":"","ast-hfb-above-header-display":"","ast-hfb-below-header-display":"","ast-hfb-mobile-header-display":"","site-post-title":"","ast-breadcrumbs-content":"","ast-featured-img":"","footer-sml-layout":"","ast-disable-related-posts":"","theme-transparent-header-meta":"default","adv-header-id-meta":"","stick-header-meta":"","header-above-stick-meta":"","header-main-stick-meta":"","header-below-stick-meta":"","astra-migrate-meta-layouts":"set","ast-page-background-enabled":"default","ast-page-background-meta":{"desktop":{"background-color":"","background-image":"","background-repeat":"repeat","background-position":"center center","background-size":"auto","background-attachment":"scroll","background-type":"","background-media":"","overlay-type":"","overlay-color":"","overlay-opacity":"","overlay-gradient":""},"tablet":{"background-color":"","background-image":"","background-repeat":"repeat","background-position":"center center","background-size":"auto","background-attachment":"scroll","background-type":"","background-media":"","overlay-type":"","overlay-color":"","overlay-opacity":"","overlay-gradient":""},"mobile":{"background-color":"","background-image":"","background-repeat":"repeat","background-position":"center center","background-size":"auto","background-attachment":"scroll","background-type":"","background-media":"","overlay-type":"","overlay-color":"","overlay-opacity":"","overlay-gradient":""}},"ast-content-background-meta":{"desktop":{"background-color":"var(--ast-global-color-5)","background-image":"","background-repeat":"repeat","background-position":"center center","background-size":"auto","background-attachment":"scroll","background-type":"","background-media":"","overlay-type":"","overlay-color":"","overlay-opacity":"","overlay-gradient":""},"tablet":{"background-color":"var(--ast-global-color-5)","background-image":"","background-repeat":"repeat","background-position":"center center","background-size":"auto","background-attachment":"scroll","background-type":"","background-media":"","overlay-type":"","overlay-color":"","overlay-opacity":"","overlay-gradient":""},"mobile":{"background-color":"var(--ast-global-color-5)","background-image":"","background-repeat":"repeat","background-position":"center center","background-size":"auto","background-attachment":"scroll","background-type":"","background-media":"","overlay-type":"","overlay-color":"","overlay-opacity":"","overlay-gradient":""}}},"product_brand":[442],"product_cat":[491,30,50],"product_tag":[],"class_list":{"0":"post-9771","1":"product","2":"type-product","3":"status-publish","4":"has-post-thumbnail","6":"product_brand-velilla","7":"product_cat-bermudas-industrial-base","8":"product_cat-industria-base","9":"product_cat-ropa-profesional","10":"desktop-align-center","11":"tablet-align-left","12":"mobile-align-left","14":"first","15":"instock","16":"taxable","17":"shipping-taxable","18":"purchasable","19":"product-type-variable","20":"has-default-attributes"},"_links":{"self":[{"href":"https:\/\/combi-pro.com\/fr\/wp-json\/wp\/v2\/product\/9771","targetHints":{"allow":["GET"]}}],"collection":[{"href":"https:\/\/combi-pro.com\/fr\/wp-json\/wp\/v2\/product"}],"about":[{"href":"https:\/\/combi-pro.com\/fr\/wp-json\/wp\/v2\/types\/product"}],"wp:featuredmedia":[{"embeddable":true,"href":"https:\/\/combi-pro.com\/fr\/wp-json\/wp\/v2\/media\/9787"}],"wp:attachment":[{"href":"https:\/\/combi-pro.com\/fr\/wp-json\/wp\/v2\/media?parent=9771"}],"wp:term":[{"taxonomy":"product_brand","embeddable":true,"href":"https:\/\/combi-pro.com\/fr\/wp-json\/wp\/v2\/product_brand?post=9771"},{"taxonomy":"product_cat","embeddable":true,"href":"https:\/\/combi-pro.com\/fr\/wp-json\/wp\/v2\/product_cat?post=9771"},{"taxonomy":"product_tag","embeddable":true,"href":"https:\/\/combi-pro.com\/fr\/wp-json\/wp\/v2\/product_tag?post=9771"}],"curies":[{"name":"wp","href":"https:\/\/api.w.org\/{rel}","templated":true}]}}