{"id":9794,"date":"2024-05-25T22:34:36","date_gmt":"2024-05-25T20:34:36","guid":{"rendered":"https:\/\/combi-pro.com\/?post_type=product&#038;p=9794"},"modified":"2026-04-13T20:23:38","modified_gmt":"2026-04-13T18:23:38","slug":"31601-pantalon","status":"publish","type":"product","link":"https:\/\/combi-pro.com\/fr\/boutique\/31601-pantalon\/","title":{"rendered":"Pantalon de travail multi-poches classique 31601 | VELILLA"},"content":{"rendered":"<div class=\"data item\" role=\"tablist\">\n<div id=\"tab-label-description\" class=\"data item title active\" tabindex=\"0\" role=\"tab\" data-role=\"collapsible\" data-collapsible=\"true\" aria-controls=\"description\" aria-selected=\"false\" aria-expanded=\"true\">\n<p data-start=\"755\" data-end=\"787\"><strong data-start=\"758\" data-end=\"787\">Caract\u00e9ristiques techniques :<\/strong><\/p>\n<ul>\n<li data-start=\"791\" data-end=\"830\">Fermeture centrale \u00e0 glissi\u00e8re et bouton<\/li>\n<li data-start=\"833\" data-end=\"872\">Taille \u00e9lastiqu\u00e9e pour un meilleur ajustement<\/li>\n<li data-start=\"875\" data-end=\"905\">Coutures de s\u00e9curit\u00e9 \u00e0 l'arri\u00e8re<\/li>\n<li data-start=\"908\" data-end=\"960\">Pinces pour les jambes pour faciliter le mouvement<\/li>\n<li data-start=\"963\" data-end=\"993\">Cinq poches fonctionnelles :<\/li>\n<li data-start=\"998\" data-end=\"1021\">2 poches fran\u00e7aises<\/li>\n<li data-start=\"1026\" data-end=\"1069\">2 poches plaqu\u00e9es avec rabat et velcro<\/li>\n<li data-start=\"1074\" data-end=\"1122\">1 poche arri\u00e8re plaqu\u00e9e avec rabat et velcro<\/li>\n<\/ul>\n<p data-start=\"1124\" data-end=\"1140\"><strong data-start=\"1127\" data-end=\"1138\">Tissu:<\/strong><\/p>\n<ul>\n<li data-start=\"1143\" data-end=\"1179\">Twill : 80% polyester - 20% coton<\/li>\n<li data-start=\"1182\" data-end=\"1199\">Poids : 190 g\/m\u00b2.<\/li>\n<\/ul>\n<p data-start=\"1201\" data-end=\"1222\"><strong data-start=\"1204\" data-end=\"1213\">Gamme :<\/strong> Les classiques<\/p>\n<p data-start=\"1224\" data-end=\"1401\"><strong data-start=\"1226\" data-end=\"1251\">Recommandation d'utilisation :<\/strong><\/p>\n<ul>\n<li data-start=\"1224\" data-end=\"1401\">Parfait pour les op\u00e9rateurs, le personnel de maintenance, les logisticiens et les professionnels qui ont besoin d'un v\u00eatement confortable et pratique avec de nombreux rangements.<\/li>\n<\/ul>\n<\/div>\n<\/div>","protected":false},"excerpt":{"rendered":"<p data-start=\"374\" data-end=\"553\">Pantalon fonctionnel et durable avec un design classique et de multiples poches \u00e0 outils. Id\u00e9al pour un travail quotidien exigeant.<\/p>\n<p><strong>GUIDE DES TAILLES<\/strong><\/p>\n<p><strong><img fetchpriority=\"high\" decoding=\"async\" class=\"alignnone wp-image-17880\" src=\"https:\/\/combi-pro.com\/wp-content\/uploads\/2024\/05\/107.5-113-screenshot-1750333141688-300x229.png\" alt=\"\" width=\"262\" height=\"200\" srcset=\"https:\/\/combi-pro.com\/wp-content\/uploads\/2024\/05\/107.5-113-screenshot-1750333141688-300x229.png 300w, https:\/\/combi-pro.com\/wp-content\/uploads\/2024\/05\/107.5-113-screenshot-1750333141688-16x12.png 16w, https:\/\/combi-pro.com\/wp-content\/uploads\/2024\/05\/107.5-113-screenshot-1750333141688-64x49.png 64w, https:\/\/combi-pro.com\/wp-content\/uploads\/2024\/05\/107.5-113-screenshot-1750333141688.png 402w\" sizes=\"(max-width: 262px) 100vw, 262px\" \/> <img decoding=\"async\" class=\"alignnone wp-image-17729\" src=\"https:\/\/combi-pro.com\/wp-content\/uploads\/2024\/05\/screenshot-1749765502228.png\" alt=\"\" width=\"212\" height=\"160\" srcset=\"https:\/\/combi-pro.com\/wp-content\/uploads\/2024\/05\/screenshot-1749765502228.png 292w, https:\/\/combi-pro.com\/wp-content\/uploads\/2024\/05\/screenshot-1749765502228-64x48.png 64w, https:\/\/combi-pro.com\/wp-content\/uploads\/2024\/05\/screenshot-1749765502228-16x12.png 16w\" sizes=\"(max-width: 212px) 100vw, 212px\" \/>\u00a0 \u00a0<\/strong><\/p>","protected":false},"featured_media":9803,"template":"","meta":{"site-sidebar-layout":"default","site-content-layout":"","ast-site-content-layout":"default","site-content-style":"default","site-sidebar-style":"default","ast-global-header-display":"","ast-banner-title-visibility":"","ast-main-header-display":"","ast-hfb-above-header-display":"","ast-hfb-below-header-display":"","ast-hfb-mobile-header-display":"","site-post-title":"","ast-breadcrumbs-content":"","ast-featured-img":"","footer-sml-layout":"","ast-disable-related-posts":"","theme-transparent-header-meta":"default","adv-header-id-meta":"","stick-header-meta":"","header-above-stick-meta":"","header-main-stick-meta":"","header-below-stick-meta":"","astra-migrate-meta-layouts":"set","ast-page-background-enabled":"default","ast-page-background-meta":{"desktop":{"background-color":"","background-image":"","background-repeat":"repeat","background-position":"center center","background-size":"auto","background-attachment":"scroll","background-type":"","background-media":"","overlay-type":"","overlay-color":"","overlay-opacity":"","overlay-gradient":""},"tablet":{"background-color":"","background-image":"","background-repeat":"repeat","background-position":"center center","background-size":"auto","background-attachment":"scroll","background-type":"","background-media":"","overlay-type":"","overlay-color":"","overlay-opacity":"","overlay-gradient":""},"mobile":{"background-color":"","background-image":"","background-repeat":"repeat","background-position":"center center","background-size":"auto","background-attachment":"scroll","background-type":"","background-media":"","overlay-type":"","overlay-color":"","overlay-opacity":"","overlay-gradient":""}},"ast-content-background-meta":{"desktop":{"background-color":"var(--ast-global-color-5)","background-image":"","background-repeat":"repeat","background-position":"center center","background-size":"auto","background-attachment":"scroll","background-type":"","background-media":"","overlay-type":"","overlay-color":"","overlay-opacity":"","overlay-gradient":""},"tablet":{"background-color":"var(--ast-global-color-5)","background-image":"","background-repeat":"repeat","background-position":"center center","background-size":"auto","background-attachment":"scroll","background-type":"","background-media":"","overlay-type":"","overlay-color":"","overlay-opacity":"","overlay-gradient":""},"mobile":{"background-color":"var(--ast-global-color-5)","background-image":"","background-repeat":"repeat","background-position":"center center","background-size":"auto","background-attachment":"scroll","background-type":"","background-media":"","overlay-type":"","overlay-color":"","overlay-opacity":"","overlay-gradient":""}}},"product_brand":[442],"product_cat":[30,86,50],"product_tag":[],"class_list":{"0":"post-9794","1":"product","2":"type-product","3":"status-publish","4":"has-post-thumbnail","6":"product_brand-velilla","7":"product_cat-industria-base","8":"product_cat-pantalones","9":"product_cat-ropa-profesional","10":"desktop-align-center","11":"tablet-align-left","12":"mobile-align-left","14":"first","15":"outofstock","16":"taxable","17":"shipping-taxable","18":"purchasable","19":"product-type-variable","20":"has-default-attributes"},"_links":{"self":[{"href":"https:\/\/combi-pro.com\/fr\/wp-json\/wp\/v2\/product\/9794","targetHints":{"allow":["GET"]}}],"collection":[{"href":"https:\/\/combi-pro.com\/fr\/wp-json\/wp\/v2\/product"}],"about":[{"href":"https:\/\/combi-pro.com\/fr\/wp-json\/wp\/v2\/types\/product"}],"wp:featuredmedia":[{"embeddable":true,"href":"https:\/\/combi-pro.com\/fr\/wp-json\/wp\/v2\/media\/9803"}],"wp:attachment":[{"href":"https:\/\/combi-pro.com\/fr\/wp-json\/wp\/v2\/media?parent=9794"}],"wp:term":[{"taxonomy":"product_brand","embeddable":true,"href":"https:\/\/combi-pro.com\/fr\/wp-json\/wp\/v2\/product_brand?post=9794"},{"taxonomy":"product_cat","embeddable":true,"href":"https:\/\/combi-pro.com\/fr\/wp-json\/wp\/v2\/product_cat?post=9794"},{"taxonomy":"product_tag","embeddable":true,"href":"https:\/\/combi-pro.com\/fr\/wp-json\/wp\/v2\/product_tag?post=9794"}],"curies":[{"name":"wp","href":"https:\/\/api.w.org\/{rel}","templated":true}]}}