{"id":9816,"date":"2024-05-25T22:44:51","date_gmt":"2024-05-25T20:44:51","guid":{"rendered":"https:\/\/combi-pro.com\/?post_type=product&#038;p=9816"},"modified":"2025-11-25T16:54:51","modified_gmt":"2025-11-25T15:54:51","slug":"317-pantalons","status":"publish","type":"product","link":"https:\/\/combi-pro.com\/fr\/boutique\/317-pantalons\/","title":{"rendered":"Pantalon de travail basique avec 3 poches 317 | VELILLA"},"content":{"rendered":"<p data-start=\"497\" data-end=\"529\"><strong data-start=\"500\" data-end=\"529\">Caract\u00e9ristiques techniques :<\/strong><\/p>\n<ul>\n<li data-start=\"533\" data-end=\"572\">Fermeture centrale \u00e0 glissi\u00e8re et bouton<\/li>\n<li data-start=\"575\" data-end=\"605\">Coutures de s\u00e9curit\u00e9 \u00e0 l'arri\u00e8re<\/li>\n<li data-start=\"608\" data-end=\"634\">Des pinces pour un meilleur ajustement<\/li>\n<li data-start=\"637\" data-end=\"654\">Trois poches :<\/li>\n<li data-start=\"659\" data-end=\"682\">2 poches fran\u00e7aises<\/li>\n<li data-start=\"687\" data-end=\"725\">1 poche arri\u00e8re passepoil\u00e9e avec bouton<\/li>\n<\/ul>\n<p data-start=\"727\" data-end=\"744\"><strong data-start=\"730\" data-end=\"742\">Tissus : <\/strong>Serg\u00e9. 65% polyester - 35% coton \/ 200 g\/m\u00b2.<\/p>\n<p data-start=\"794\" data-end=\"821\"><strong data-start=\"797\" data-end=\"806\">Gamme : <\/strong>Les classiques<\/p>\n<p data-start=\"823\" data-end=\"941\"><strong data-start=\"825\" data-end=\"845\">Utilisation recommand\u00e9e :<\/strong><\/p>\n<ul>\n<li data-start=\"823\" data-end=\"941\">Parfait pour les t\u00e2ches g\u00e9n\u00e9rales, confortable et durable pour les environnements de travail quotidiens.<\/li>\n<\/ul>","protected":false},"excerpt":{"rendered":"<p data-start=\"194\" data-end=\"332\">Pantalon de base avec trois poches, coutures de s\u00e9curit\u00e9 et pinces pour le confort et l'ajustement.<\/p>\n<p><a href=\"https:\/\/combi-pro.com\/wp-content\/uploads\/2024\/03\/guide-des-taille.png\"><strong>GUIDE DES TAILLES\u00a0 \u00a0<\/strong><\/a><\/p>","protected":false},"featured_media":9819,"template":"","meta":{"site-sidebar-layout":"default","site-content-layout":"","ast-site-content-layout":"default","site-content-style":"default","site-sidebar-style":"default","ast-global-header-display":"","ast-banner-title-visibility":"","ast-main-header-display":"","ast-hfb-above-header-display":"","ast-hfb-below-header-display":"","ast-hfb-mobile-header-display":"","site-post-title":"","ast-breadcrumbs-content":"","ast-featured-img":"","footer-sml-layout":"","ast-disable-related-posts":"","theme-transparent-header-meta":"default","adv-header-id-meta":"","stick-header-meta":"","header-above-stick-meta":"","header-main-stick-meta":"","header-below-stick-meta":"","astra-migrate-meta-layouts":"set","ast-page-background-enabled":"default","ast-page-background-meta":{"desktop":{"background-color":"","background-image":"","background-repeat":"repeat","background-position":"center center","background-size":"auto","background-attachment":"scroll","background-type":"","background-media":"","overlay-type":"","overlay-color":"","overlay-opacity":"","overlay-gradient":""},"tablet":{"background-color":"","background-image":"","background-repeat":"repeat","background-position":"center center","background-size":"auto","background-attachment":"scroll","background-type":"","background-media":"","overlay-type":"","overlay-color":"","overlay-opacity":"","overlay-gradient":""},"mobile":{"background-color":"","background-image":"","background-repeat":"repeat","background-position":"center center","background-size":"auto","background-attachment":"scroll","background-type":"","background-media":"","overlay-type":"","overlay-color":"","overlay-opacity":"","overlay-gradient":""}},"ast-content-background-meta":{"desktop":{"background-color":"var(--ast-global-color-5)","background-image":"","background-repeat":"repeat","background-position":"center center","background-size":"auto","background-attachment":"scroll","background-type":"","background-media":"","overlay-type":"","overlay-color":"","overlay-opacity":"","overlay-gradient":""},"tablet":{"background-color":"var(--ast-global-color-5)","background-image":"","background-repeat":"repeat","background-position":"center center","background-size":"auto","background-attachment":"scroll","background-type":"","background-media":"","overlay-type":"","overlay-color":"","overlay-opacity":"","overlay-gradient":""},"mobile":{"background-color":"var(--ast-global-color-5)","background-image":"","background-repeat":"repeat","background-position":"center center","background-size":"auto","background-attachment":"scroll","background-type":"","background-media":"","overlay-type":"","overlay-color":"","overlay-opacity":"","overlay-gradient":""}}},"product_brand":[442],"product_cat":[30,86,50],"product_tag":[],"class_list":{"0":"post-9816","1":"product","2":"type-product","3":"status-publish","4":"has-post-thumbnail","6":"product_brand-velilla","7":"product_cat-industria-base","8":"product_cat-pantalones","9":"product_cat-ropa-profesional","10":"desktop-align-center","11":"tablet-align-left","12":"mobile-align-left","14":"first","15":"instock","16":"taxable","17":"shipping-taxable","18":"purchasable","19":"product-type-variable","20":"has-default-attributes"},"_links":{"self":[{"href":"https:\/\/combi-pro.com\/fr\/wp-json\/wp\/v2\/product\/9816","targetHints":{"allow":["GET"]}}],"collection":[{"href":"https:\/\/combi-pro.com\/fr\/wp-json\/wp\/v2\/product"}],"about":[{"href":"https:\/\/combi-pro.com\/fr\/wp-json\/wp\/v2\/types\/product"}],"wp:featuredmedia":[{"embeddable":true,"href":"https:\/\/combi-pro.com\/fr\/wp-json\/wp\/v2\/media\/9819"}],"wp:attachment":[{"href":"https:\/\/combi-pro.com\/fr\/wp-json\/wp\/v2\/media?parent=9816"}],"wp:term":[{"taxonomy":"product_brand","embeddable":true,"href":"https:\/\/combi-pro.com\/fr\/wp-json\/wp\/v2\/product_brand?post=9816"},{"taxonomy":"product_cat","embeddable":true,"href":"https:\/\/combi-pro.com\/fr\/wp-json\/wp\/v2\/product_cat?post=9816"},{"taxonomy":"product_tag","embeddable":true,"href":"https:\/\/combi-pro.com\/fr\/wp-json\/wp\/v2\/product_tag?post=9816"}],"curies":[{"name":"wp","href":"https:\/\/api.w.org\/{rel}","templated":true}]}}