{"id":9843,"date":"2024-05-25T23:08:02","date_gmt":"2024-05-25T21:08:02","guid":{"rendered":"https:\/\/combi-pro.com\/?post_type=product&#038;p=9843"},"modified":"2026-04-13T20:24:00","modified_gmt":"2026-04-13T18:24:00","slug":"103003-pantalon-100-coton","status":"publish","type":"product","link":"https:\/\/combi-pro.com\/fr\/boutique\/103003-pantalon-100-coton\/","title":{"rendered":"Pantalon de travail coupe slim 100% coton avec multipoches 103003 | VELILLA"},"content":{"rendered":"<p data-start=\"554\" data-end=\"586\"><strong data-start=\"557\" data-end=\"586\">Caract\u00e9ristiques techniques :<\/strong><\/p>\n<ul>\n<li data-start=\"590\" data-end=\"606\">Coupe cintr\u00e9e<\/li>\n<li data-start=\"609\" data-end=\"648\">Fermeture centrale \u00e0 glissi\u00e8re et bouton<\/li>\n<li data-start=\"651\" data-end=\"693\">Taille \u00e9lastiqu\u00e9e pour plus de confort<\/li>\n<li data-start=\"696\" data-end=\"715\">\u00c9triers avant<\/li>\n<li data-start=\"718\" data-end=\"746\">Double couture de s\u00e9curit\u00e9<\/li>\n<li data-start=\"749\" data-end=\"763\">6 poches :<\/li>\n<li data-start=\"768\" data-end=\"791\">2 poches fran\u00e7aises<\/li>\n<li data-start=\"796\" data-end=\"865\">2 poches plaqu\u00e9es avec soufflet central, rabat et fermeture velcro<\/li>\n<li data-start=\"870\" data-end=\"922\">2 poches arri\u00e8re \u00e0 soufflet avec rabat et velcro<\/li>\n<\/ul>\n<p><strong data-start=\"927\" data-end=\"938\">Tissu:<\/strong><\/p>\n<ul>\n<li>Serg\u00e9. 100% coton<\/li>\n<li>Poids : 190 g\/m\u00b2.<\/li>\n<\/ul>\n<p data-start=\"988\" data-end=\"1015\"><strong data-start=\"991\" data-end=\"1000\">Gamme : <\/strong>100% Coton<\/p>\n<p data-start=\"1017\" data-end=\"1193\"><strong data-start=\"1019\" data-end=\"1044\">Recommandation d'utilisation :<\/strong><\/p>\n<ul>\n<li data-start=\"1017\" data-end=\"1193\">Id\u00e9al pour les professionnels \u00e0 la recherche de confort et de respirabilit\u00e9 dans les environnements chauds. Le coton naturel garantit un port prolong\u00e9 sans irritation.<\/li>\n<\/ul>","protected":false},"excerpt":{"rendered":"<p data-start=\"170\" data-end=\"360\">Pantalon de travail en coton 100% avec coupe ajust\u00e9e, poches multiples, taille \u00e9lastiqu\u00e9e et coutures renforc\u00e9es. Id\u00e9al pour les environnements exigeants.<\/p>\n<p data-start=\"362\" data-end=\"552\"><img decoding=\"async\" class=\"alignnone wp-image-15450\" src=\"https:\/\/combi-pro.com\/wp-content\/uploads\/2024\/05\/100-COTTON.png\" alt=\"\" width=\"117\" height=\"40\" srcset=\"https:\/\/combi-pro.com\/wp-content\/uploads\/2024\/05\/100-COTTON.png 228w, https:\/\/combi-pro.com\/wp-content\/uploads\/2024\/05\/100-COTTON-64x22.png 64w, https:\/\/combi-pro.com\/wp-content\/uploads\/2024\/05\/100-COTTON-18x6.png 18w\" sizes=\"(max-width: 117px) 100vw, 117px\" \/><\/p>\n<p><strong>GUIDE DES TAILLES<\/strong><\/p>\n<p><strong><img decoding=\"async\" class=\"alignnone wp-image-17863\" src=\"https:\/\/combi-pro.com\/wp-content\/uploads\/2024\/05\/106.5-112.5-screenshot-1750320151849-300x213.png\" alt=\"\" width=\"254\" height=\"180\" srcset=\"https:\/\/combi-pro.com\/wp-content\/uploads\/2024\/05\/106.5-112.5-screenshot-1750320151849-300x213.png 300w, https:\/\/combi-pro.com\/wp-content\/uploads\/2024\/05\/106.5-112.5-screenshot-1750320151849-18x12.png 18w, https:\/\/combi-pro.com\/wp-content\/uploads\/2024\/05\/106.5-112.5-screenshot-1750320151849-64x45.png 64w, https:\/\/combi-pro.com\/wp-content\/uploads\/2024\/05\/106.5-112.5-screenshot-1750320151849.png 399w\" sizes=\"(max-width: 254px) 100vw, 254px\" \/> <img decoding=\"async\" class=\"alignnone wp-image-17729\" src=\"https:\/\/combi-pro.com\/wp-content\/uploads\/2024\/05\/screenshot-1749765502228.png\" alt=\"\" width=\"186\" height=\"140\" srcset=\"https:\/\/combi-pro.com\/wp-content\/uploads\/2024\/05\/screenshot-1749765502228.png 292w, https:\/\/combi-pro.com\/wp-content\/uploads\/2024\/05\/screenshot-1749765502228-64x48.png 64w, https:\/\/combi-pro.com\/wp-content\/uploads\/2024\/05\/screenshot-1749765502228-16x12.png 16w\" sizes=\"(max-width: 186px) 100vw, 186px\" \/>\u00a0 \u00a0<\/strong><\/p>","protected":false},"featured_media":9849,"template":"","meta":{"site-sidebar-layout":"default","site-content-layout":"","ast-site-content-layout":"default","site-content-style":"default","site-sidebar-style":"default","ast-global-header-display":"","ast-banner-title-visibility":"","ast-main-header-display":"","ast-hfb-above-header-display":"","ast-hfb-below-header-display":"","ast-hfb-mobile-header-display":"","site-post-title":"","ast-breadcrumbs-content":"","ast-featured-img":"","footer-sml-layout":"","ast-disable-related-posts":"","theme-transparent-header-meta":"default","adv-header-id-meta":"","stick-header-meta":"","header-above-stick-meta":"","header-main-stick-meta":"","header-below-stick-meta":"","astra-migrate-meta-layouts":"set","ast-page-background-enabled":"default","ast-page-background-meta":{"desktop":{"background-color":"","background-image":"","background-repeat":"repeat","background-position":"center center","background-size":"auto","background-attachment":"scroll","background-type":"","background-media":"","overlay-type":"","overlay-color":"","overlay-opacity":"","overlay-gradient":""},"tablet":{"background-color":"","background-image":"","background-repeat":"repeat","background-position":"center center","background-size":"auto","background-attachment":"scroll","background-type":"","background-media":"","overlay-type":"","overlay-color":"","overlay-opacity":"","overlay-gradient":""},"mobile":{"background-color":"","background-image":"","background-repeat":"repeat","background-position":"center center","background-size":"auto","background-attachment":"scroll","background-type":"","background-media":"","overlay-type":"","overlay-color":"","overlay-opacity":"","overlay-gradient":""}},"ast-content-background-meta":{"desktop":{"background-color":"var(--ast-global-color-5)","background-image":"","background-repeat":"repeat","background-position":"center center","background-size":"auto","background-attachment":"scroll","background-type":"","background-media":"","overlay-type":"","overlay-color":"","overlay-opacity":"","overlay-gradient":""},"tablet":{"background-color":"var(--ast-global-color-5)","background-image":"","background-repeat":"repeat","background-position":"center center","background-size":"auto","background-attachment":"scroll","background-type":"","background-media":"","overlay-type":"","overlay-color":"","overlay-opacity":"","overlay-gradient":""},"mobile":{"background-color":"var(--ast-global-color-5)","background-image":"","background-repeat":"repeat","background-position":"center center","background-size":"auto","background-attachment":"scroll","background-type":"","background-media":"","overlay-type":"","overlay-color":"","overlay-opacity":"","overlay-gradient":""}}},"product_brand":[442],"product_cat":[30,86,50],"product_tag":[],"class_list":{"0":"post-9843","1":"product","2":"type-product","3":"status-publish","4":"has-post-thumbnail","6":"product_brand-velilla","7":"product_cat-industria-base","8":"product_cat-pantalones","9":"product_cat-ropa-profesional","10":"desktop-align-center","11":"tablet-align-left","12":"mobile-align-left","14":"first","15":"outofstock","16":"taxable","17":"shipping-taxable","18":"purchasable","19":"product-type-variable","20":"has-default-attributes"},"_links":{"self":[{"href":"https:\/\/combi-pro.com\/fr\/wp-json\/wp\/v2\/product\/9843","targetHints":{"allow":["GET"]}}],"collection":[{"href":"https:\/\/combi-pro.com\/fr\/wp-json\/wp\/v2\/product"}],"about":[{"href":"https:\/\/combi-pro.com\/fr\/wp-json\/wp\/v2\/types\/product"}],"wp:featuredmedia":[{"embeddable":true,"href":"https:\/\/combi-pro.com\/fr\/wp-json\/wp\/v2\/media\/9849"}],"wp:attachment":[{"href":"https:\/\/combi-pro.com\/fr\/wp-json\/wp\/v2\/media?parent=9843"}],"wp:term":[{"taxonomy":"product_brand","embeddable":true,"href":"https:\/\/combi-pro.com\/fr\/wp-json\/wp\/v2\/product_brand?post=9843"},{"taxonomy":"product_cat","embeddable":true,"href":"https:\/\/combi-pro.com\/fr\/wp-json\/wp\/v2\/product_cat?post=9843"},{"taxonomy":"product_tag","embeddable":true,"href":"https:\/\/combi-pro.com\/fr\/wp-json\/wp\/v2\/product_tag?post=9843"}],"curies":[{"name":"wp","href":"https:\/\/api.w.org\/{rel}","templated":true}]}}