{"id":9857,"date":"2024-05-25T23:08:46","date_gmt":"2024-05-25T21:08:46","guid":{"rendered":"https:\/\/combi-pro.com\/?post_type=product&#038;p=9857"},"modified":"2026-04-13T20:24:09","modified_gmt":"2026-04-13T18:24:09","slug":"103013-100-pantalon-en-coton","status":"publish","type":"product","link":"https:\/\/combi-pro.com\/fr\/boutique\/103013-100-pantalon-en-coton\/","title":{"rendered":"Pantalon de travail 100% multi-poches en coton avec ceinture \u00e9lastique 103013 | VELILLA"},"content":{"rendered":"<p data-start=\"634\" data-end=\"667\"><strong data-start=\"637\" data-end=\"667\">Caract\u00e9ristiques techniques :<\/strong><\/p>\n<ul>\n<li data-start=\"671\" data-end=\"687\">Coupe cintr\u00e9e<\/li>\n<li data-start=\"690\" data-end=\"729\">Fermeture centrale \u00e0 glissi\u00e8re et bouton<\/li>\n<li data-start=\"732\" data-end=\"753\">Taille \u00e9lastiqu\u00e9e<\/li>\n<li data-start=\"756\" data-end=\"764\">Pince \u00e0 \u00e9piler<\/li>\n<li data-start=\"767\" data-end=\"795\">Double couture de s\u00e9curit\u00e9<\/li>\n<li data-start=\"798\" data-end=\"961\">6 poches :<br data-start=\"810\" data-end=\"813\" \/>\u25aa 2 poches fran\u00e7aises<br data-start=\"838\" data-end=\"841\" \/>\u25aa 2 poches plaqu\u00e9es avec soufflet central, rabat et velcro<br data-start=\"902\" data-end=\"905\" \/>\u25aa 2 poches arri\u00e8re \u00e0 soufflet avec rabat et velcro<\/li>\n<\/ul>\n<p data-start=\"963\" data-end=\"1020\"><strong data-start=\"966\" data-end=\"978\">Tissu :<\/strong><\/p>\n<ul>\n<li data-start=\"963\" data-end=\"1020\">Serg\u00e9. 100% coton<\/li>\n<li data-start=\"963\" data-end=\"1020\">Grammage : 240 g\/m\u00b2.<\/li>\n<\/ul>\n<p data-start=\"1022\" data-end=\"1050\"><strong data-start=\"1025\" data-end=\"1035\">Gamme : <\/strong>100% Coton<\/p>\n<p data-start=\"1052\" data-end=\"1223\"><strong data-start=\"1054\" data-end=\"1080\">Recommandation d'utilisation :<\/strong><\/p>\n<ul>\n<li data-start=\"1052\" data-end=\"1223\">Parfait pour les environnements de travail chauds ou sensibles, ce pantalon garantit fra\u00eecheur, durabilit\u00e9 et fonctionnalit\u00e9 tout au long de la journ\u00e9e.<\/li>\n<\/ul>","protected":false},"excerpt":{"rendered":"<p data-start=\"236\" data-end=\"435\">Pantalon de travail slim en serg\u00e9 de coton 100%, avec poches fonctionnelles, pinces, ceinture \u00e9lastiqu\u00e9e et coutures renforc\u00e9es. Confortable et durable.<\/p>\n<p data-start=\"437\" data-end=\"632\"><img decoding=\"async\" class=\"alignnone wp-image-15233\" src=\"https:\/\/combi-pro.com\/wp-content\/uploads\/2025\/04\/icon-w240.png\" alt=\"\" width=\"111\" height=\"40\" srcset=\"https:\/\/combi-pro.com\/wp-content\/uploads\/2025\/04\/icon-w240.png 228w, https:\/\/combi-pro.com\/wp-content\/uploads\/2025\/04\/icon-w240-64x23.png 64w, https:\/\/combi-pro.com\/wp-content\/uploads\/2025\/04\/icon-w240-18x6.png 18w\" sizes=\"(max-width: 111px) 100vw, 111px\" \/> <img decoding=\"async\" class=\"alignnone wp-image-15450\" src=\"https:\/\/combi-pro.com\/wp-content\/uploads\/2024\/05\/100-COTTON.png\" alt=\"\" width=\"117\" height=\"40\" srcset=\"https:\/\/combi-pro.com\/wp-content\/uploads\/2024\/05\/100-COTTON.png 228w, https:\/\/combi-pro.com\/wp-content\/uploads\/2024\/05\/100-COTTON-64x22.png 64w, https:\/\/combi-pro.com\/wp-content\/uploads\/2024\/05\/100-COTTON-18x6.png 18w\" sizes=\"(max-width: 117px) 100vw, 117px\" \/><\/p>\n<p><strong>GUIDE DES TAILLES<\/strong><\/p>\n<p><strong><img fetchpriority=\"high\" decoding=\"async\" class=\"alignnone wp-image-17863\" src=\"https:\/\/combi-pro.com\/wp-content\/uploads\/2024\/05\/106.5-112.5-screenshot-1750320151849-300x213.png\" alt=\"\" width=\"282\" height=\"200\" srcset=\"https:\/\/combi-pro.com\/wp-content\/uploads\/2024\/05\/106.5-112.5-screenshot-1750320151849-300x213.png 300w, https:\/\/combi-pro.com\/wp-content\/uploads\/2024\/05\/106.5-112.5-screenshot-1750320151849-18x12.png 18w, https:\/\/combi-pro.com\/wp-content\/uploads\/2024\/05\/106.5-112.5-screenshot-1750320151849-64x45.png 64w, https:\/\/combi-pro.com\/wp-content\/uploads\/2024\/05\/106.5-112.5-screenshot-1750320151849.png 399w\" sizes=\"(max-width: 282px) 100vw, 282px\" \/> <img loading=\"lazy\" decoding=\"async\" class=\"alignnone wp-image-17729\" src=\"https:\/\/combi-pro.com\/wp-content\/uploads\/2024\/05\/screenshot-1749765502228.png\" alt=\"\" width=\"212\" height=\"160\" srcset=\"https:\/\/combi-pro.com\/wp-content\/uploads\/2024\/05\/screenshot-1749765502228.png 292w, https:\/\/combi-pro.com\/wp-content\/uploads\/2024\/05\/screenshot-1749765502228-64x48.png 64w, https:\/\/combi-pro.com\/wp-content\/uploads\/2024\/05\/screenshot-1749765502228-16x12.png 16w\" sizes=\"(max-width: 212px) 100vw, 212px\" \/>\u00a0 \u00a0<\/strong><\/p>","protected":false},"featured_media":9849,"template":"","meta":{"site-sidebar-layout":"default","site-content-layout":"","ast-site-content-layout":"default","site-content-style":"default","site-sidebar-style":"default","ast-global-header-display":"","ast-banner-title-visibility":"","ast-main-header-display":"","ast-hfb-above-header-display":"","ast-hfb-below-header-display":"","ast-hfb-mobile-header-display":"","site-post-title":"","ast-breadcrumbs-content":"","ast-featured-img":"","footer-sml-layout":"","ast-disable-related-posts":"","theme-transparent-header-meta":"default","adv-header-id-meta":"","stick-header-meta":"","header-above-stick-meta":"","header-main-stick-meta":"","header-below-stick-meta":"","astra-migrate-meta-layouts":"set","ast-page-background-enabled":"default","ast-page-background-meta":{"desktop":{"background-color":"","background-image":"","background-repeat":"repeat","background-position":"center center","background-size":"auto","background-attachment":"scroll","background-type":"","background-media":"","overlay-type":"","overlay-color":"","overlay-opacity":"","overlay-gradient":""},"tablet":{"background-color":"","background-image":"","background-repeat":"repeat","background-position":"center center","background-size":"auto","background-attachment":"scroll","background-type":"","background-media":"","overlay-type":"","overlay-color":"","overlay-opacity":"","overlay-gradient":""},"mobile":{"background-color":"","background-image":"","background-repeat":"repeat","background-position":"center center","background-size":"auto","background-attachment":"scroll","background-type":"","background-media":"","overlay-type":"","overlay-color":"","overlay-opacity":"","overlay-gradient":""}},"ast-content-background-meta":{"desktop":{"background-color":"var(--ast-global-color-5)","background-image":"","background-repeat":"repeat","background-position":"center center","background-size":"auto","background-attachment":"scroll","background-type":"","background-media":"","overlay-type":"","overlay-color":"","overlay-opacity":"","overlay-gradient":""},"tablet":{"background-color":"var(--ast-global-color-5)","background-image":"","background-repeat":"repeat","background-position":"center center","background-size":"auto","background-attachment":"scroll","background-type":"","background-media":"","overlay-type":"","overlay-color":"","overlay-opacity":"","overlay-gradient":""},"mobile":{"background-color":"var(--ast-global-color-5)","background-image":"","background-repeat":"repeat","background-position":"center center","background-size":"auto","background-attachment":"scroll","background-type":"","background-media":"","overlay-type":"","overlay-color":"","overlay-opacity":"","overlay-gradient":""}}},"product_brand":[442],"product_cat":[30,86,50],"product_tag":[],"class_list":{"0":"post-9857","1":"product","2":"type-product","3":"status-publish","4":"has-post-thumbnail","6":"product_brand-velilla","7":"product_cat-industria-base","8":"product_cat-pantalones","9":"product_cat-ropa-profesional","10":"desktop-align-center","11":"tablet-align-left","12":"mobile-align-left","14":"first","15":"instock","16":"taxable","17":"shipping-taxable","18":"purchasable","19":"product-type-variable","20":"has-default-attributes"},"_links":{"self":[{"href":"https:\/\/combi-pro.com\/fr\/wp-json\/wp\/v2\/product\/9857","targetHints":{"allow":["GET"]}}],"collection":[{"href":"https:\/\/combi-pro.com\/fr\/wp-json\/wp\/v2\/product"}],"about":[{"href":"https:\/\/combi-pro.com\/fr\/wp-json\/wp\/v2\/types\/product"}],"wp:featuredmedia":[{"embeddable":true,"href":"https:\/\/combi-pro.com\/fr\/wp-json\/wp\/v2\/media\/9849"}],"wp:attachment":[{"href":"https:\/\/combi-pro.com\/fr\/wp-json\/wp\/v2\/media?parent=9857"}],"wp:term":[{"taxonomy":"product_brand","embeddable":true,"href":"https:\/\/combi-pro.com\/fr\/wp-json\/wp\/v2\/product_brand?post=9857"},{"taxonomy":"product_cat","embeddable":true,"href":"https:\/\/combi-pro.com\/fr\/wp-json\/wp\/v2\/product_cat?post=9857"},{"taxonomy":"product_tag","embeddable":true,"href":"https:\/\/combi-pro.com\/fr\/wp-json\/wp\/v2\/product_tag?post=9857"}],"curies":[{"name":"wp","href":"https:\/\/api.w.org\/{rel}","templated":true}]}}