{"id":9876,"date":"2024-05-25T23:21:53","date_gmt":"2024-05-25T21:21:53","guid":{"rendered":"https:\/\/combi-pro.com\/?post_type=product&#038;p=9876"},"modified":"2026-04-13T20:24:16","modified_gmt":"2026-04-13T18:24:16","slug":"343-pantalon-100-coton","status":"publish","type":"product","link":"https:\/\/combi-pro.com\/fr\/boutique\/343-pantalon-100-coton\/","title":{"rendered":"Pantalon de travail multipoches 100% coton 343 | VELILLA"},"content":{"rendered":"<div class=\"data item\" role=\"tablist\">\n<div id=\"tab-label-description\" class=\"data item title active\" tabindex=\"0\" role=\"tab\" data-role=\"collapsible\" data-collapsible=\"true\" aria-controls=\"description\" aria-selected=\"false\" aria-expanded=\"true\">\n<p data-start=\"739\" data-end=\"771\"><strong data-start=\"742\" data-end=\"771\">Caract\u00e9ristiques techniques :<\/strong><\/p>\n<ul>\n<li data-start=\"775\" data-end=\"814\">Fermeture centrale \u00e0 glissi\u00e8re et bouton<\/li>\n<li data-start=\"817\" data-end=\"857\">Taille \u00e9lastiqu\u00e9e pour plus de confort<\/li>\n<li data-start=\"860\" data-end=\"890\">Coutures de s\u00e9curit\u00e9 \u00e0 l'arri\u00e8re<\/li>\n<li data-start=\"893\" data-end=\"944\">Clips de jambe pour une plus grande libert\u00e9 de mouvement<\/li>\n<li data-start=\"947\" data-end=\"976\">Six poches fonctionnelles :<\/li>\n<li data-start=\"981\" data-end=\"1004\">2 poches fran\u00e7aises<\/li>\n<li data-start=\"1009\" data-end=\"1068\">2 poches plaqu\u00e9es avec soufflet central, rabat et velcro<\/li>\n<li data-start=\"1073\" data-end=\"1121\">2 poches arri\u00e8re avec soufflet, rabat et velcro<\/li>\n<\/ul>\n<p data-start=\"1123\" data-end=\"1139\"><strong data-start=\"1126\" data-end=\"1137\">Tissu:<\/strong><\/p>\n<ul>\n<li data-start=\"1142\" data-end=\"1163\">Twill : coton 100%<\/li>\n<li data-start=\"1166\" data-end=\"1183\">Grammage : 180 g\/m\u00b2.<\/li>\n<\/ul>\n<p data-start=\"1185\" data-end=\"1210\"><strong data-start=\"1188\" data-end=\"1197\">Gamme :<\/strong> 100% Coton<\/p>\n<p data-start=\"1212\" data-end=\"1390\"><strong data-start=\"1214\" data-end=\"1239\">Recommandation d'utilisation :<\/strong><\/p>\n<ul>\n<li data-start=\"1212\" data-end=\"1390\">Parfait pour les professionnels de l'industrie, de l'agriculture ou de la logistique qui ont besoin d'un v\u00eatement frais et naturel avec une grande capacit\u00e9 de charge.<\/li>\n<\/ul>\n<\/div>\n<\/div>","protected":false},"excerpt":{"rendered":"<p data-start=\"378\" data-end=\"551\">Pantalon de travail r\u00e9sistant et respirant, fabriqu\u00e9 en serg\u00e9 de coton 100%. Id\u00e9al pour les environnements chauds ou les t\u00e2ches exigeantes.<\/p>\n<p data-start=\"553\" data-end=\"737\"><img decoding=\"async\" class=\"alignnone wp-image-15450\" src=\"https:\/\/combi-pro.com\/wp-content\/uploads\/2024\/05\/100-COTTON.png\" alt=\"\" width=\"117\" height=\"40\" srcset=\"https:\/\/combi-pro.com\/wp-content\/uploads\/2024\/05\/100-COTTON.png 228w, https:\/\/combi-pro.com\/wp-content\/uploads\/2024\/05\/100-COTTON-64x22.png 64w, https:\/\/combi-pro.com\/wp-content\/uploads\/2024\/05\/100-COTTON-18x6.png 18w\" sizes=\"(max-width: 117px) 100vw, 117px\" \/><\/p>\n<p><strong>GUIDE DES TAILLES<\/strong><\/p>\n<p><strong><img fetchpriority=\"high\" decoding=\"async\" class=\"alignnone wp-image-17882\" src=\"https:\/\/combi-pro.com\/wp-content\/uploads\/2024\/05\/108.5-113.5-screenshot-1750334137817-300x213.png\" alt=\"\" width=\"282\" height=\"200\" srcset=\"https:\/\/combi-pro.com\/wp-content\/uploads\/2024\/05\/108.5-113.5-screenshot-1750334137817-300x213.png 300w, https:\/\/combi-pro.com\/wp-content\/uploads\/2024\/05\/108.5-113.5-screenshot-1750334137817-18x12.png 18w, https:\/\/combi-pro.com\/wp-content\/uploads\/2024\/05\/108.5-113.5-screenshot-1750334137817-64x45.png 64w, https:\/\/combi-pro.com\/wp-content\/uploads\/2024\/05\/108.5-113.5-screenshot-1750334137817.png 402w\" sizes=\"(max-width: 282px) 100vw, 282px\" \/> <img decoding=\"async\" class=\"alignnone wp-image-17729\" src=\"https:\/\/combi-pro.com\/wp-content\/uploads\/2024\/05\/screenshot-1749765502228.png\" alt=\"\" width=\"212\" height=\"160\" srcset=\"https:\/\/combi-pro.com\/wp-content\/uploads\/2024\/05\/screenshot-1749765502228.png 292w, https:\/\/combi-pro.com\/wp-content\/uploads\/2024\/05\/screenshot-1749765502228-64x48.png 64w, https:\/\/combi-pro.com\/wp-content\/uploads\/2024\/05\/screenshot-1749765502228-16x12.png 16w\" sizes=\"(max-width: 212px) 100vw, 212px\" \/>\u00a0 \u00a0<\/strong><\/p>","protected":false},"featured_media":9881,"template":"","meta":{"site-sidebar-layout":"default","site-content-layout":"","ast-site-content-layout":"default","site-content-style":"default","site-sidebar-style":"default","ast-global-header-display":"","ast-banner-title-visibility":"","ast-main-header-display":"","ast-hfb-above-header-display":"","ast-hfb-below-header-display":"","ast-hfb-mobile-header-display":"","site-post-title":"","ast-breadcrumbs-content":"","ast-featured-img":"","footer-sml-layout":"","ast-disable-related-posts":"","theme-transparent-header-meta":"default","adv-header-id-meta":"","stick-header-meta":"","header-above-stick-meta":"","header-main-stick-meta":"","header-below-stick-meta":"","astra-migrate-meta-layouts":"set","ast-page-background-enabled":"default","ast-page-background-meta":{"desktop":{"background-color":"","background-image":"","background-repeat":"repeat","background-position":"center center","background-size":"auto","background-attachment":"scroll","background-type":"","background-media":"","overlay-type":"","overlay-color":"","overlay-opacity":"","overlay-gradient":""},"tablet":{"background-color":"","background-image":"","background-repeat":"repeat","background-position":"center center","background-size":"auto","background-attachment":"scroll","background-type":"","background-media":"","overlay-type":"","overlay-color":"","overlay-opacity":"","overlay-gradient":""},"mobile":{"background-color":"","background-image":"","background-repeat":"repeat","background-position":"center center","background-size":"auto","background-attachment":"scroll","background-type":"","background-media":"","overlay-type":"","overlay-color":"","overlay-opacity":"","overlay-gradient":""}},"ast-content-background-meta":{"desktop":{"background-color":"var(--ast-global-color-5)","background-image":"","background-repeat":"repeat","background-position":"center center","background-size":"auto","background-attachment":"scroll","background-type":"","background-media":"","overlay-type":"","overlay-color":"","overlay-opacity":"","overlay-gradient":""},"tablet":{"background-color":"var(--ast-global-color-5)","background-image":"","background-repeat":"repeat","background-position":"center center","background-size":"auto","background-attachment":"scroll","background-type":"","background-media":"","overlay-type":"","overlay-color":"","overlay-opacity":"","overlay-gradient":""},"mobile":{"background-color":"var(--ast-global-color-5)","background-image":"","background-repeat":"repeat","background-position":"center center","background-size":"auto","background-attachment":"scroll","background-type":"","background-media":"","overlay-type":"","overlay-color":"","overlay-opacity":"","overlay-gradient":""}}},"product_brand":[442],"product_cat":[30,86,50],"product_tag":[],"class_list":{"0":"post-9876","1":"product","2":"type-product","3":"status-publish","4":"has-post-thumbnail","6":"product_brand-velilla","7":"product_cat-industria-base","8":"product_cat-pantalones","9":"product_cat-ropa-profesional","10":"desktop-align-center","11":"tablet-align-left","12":"mobile-align-left","14":"first","15":"outofstock","16":"taxable","17":"shipping-taxable","18":"purchasable","19":"product-type-variable","20":"has-default-attributes"},"_links":{"self":[{"href":"https:\/\/combi-pro.com\/fr\/wp-json\/wp\/v2\/product\/9876","targetHints":{"allow":["GET"]}}],"collection":[{"href":"https:\/\/combi-pro.com\/fr\/wp-json\/wp\/v2\/product"}],"about":[{"href":"https:\/\/combi-pro.com\/fr\/wp-json\/wp\/v2\/types\/product"}],"wp:featuredmedia":[{"embeddable":true,"href":"https:\/\/combi-pro.com\/fr\/wp-json\/wp\/v2\/media\/9881"}],"wp:attachment":[{"href":"https:\/\/combi-pro.com\/fr\/wp-json\/wp\/v2\/media?parent=9876"}],"wp:term":[{"taxonomy":"product_brand","embeddable":true,"href":"https:\/\/combi-pro.com\/fr\/wp-json\/wp\/v2\/product_brand?post=9876"},{"taxonomy":"product_cat","embeddable":true,"href":"https:\/\/combi-pro.com\/fr\/wp-json\/wp\/v2\/product_cat?post=9876"},{"taxonomy":"product_tag","embeddable":true,"href":"https:\/\/combi-pro.com\/fr\/wp-json\/wp\/v2\/product_tag?post=9876"}],"curies":[{"name":"wp","href":"https:\/\/api.w.org\/{rel}","templated":true}]}}