{"id":9890,"date":"2024-05-25T23:39:50","date_gmt":"2024-05-25T21:39:50","guid":{"rendered":"https:\/\/combi-pro.com\/?post_type=product&#038;p=9890"},"modified":"2026-04-13T20:24:22","modified_gmt":"2026-04-13T18:24:22","slug":"380-pantalon-en-velours-cotele","status":"publish","type":"product","link":"https:\/\/combi-pro.com\/fr\/boutique\/380-pantalon-en-velours-cotele\/","title":{"rendered":"Pantalon de travail multi-poches en velours c\u00f4tel\u00e9 380 | VELILLA"},"content":{"rendered":"<div class=\"data item\" role=\"tablist\">\n<div id=\"tab-label-description\" class=\"data item title active\" tabindex=\"0\" role=\"tab\" data-role=\"collapsible\" data-collapsible=\"true\" aria-controls=\"description\" aria-selected=\"false\" aria-expanded=\"true\">\n<p data-start=\"871\" data-end=\"902\"><strong data-start=\"874\" data-end=\"902\">Caract\u00e9ristiques techniques<\/strong><\/p>\n<ul data-start=\"904\" data-end=\"1261\">\n<li data-start=\"904\" data-end=\"949\">\n<p data-start=\"906\" data-end=\"949\"><strong data-start=\"906\" data-end=\"924\">Verrouillage central<\/strong> avec fermeture \u00e0 glissi\u00e8re et bouton<\/p>\n<\/li>\n<li data-start=\"950\" data-end=\"996\">\n<p data-start=\"952\" data-end=\"996\"><strong data-start=\"952\" data-end=\"975\">Taille \u00e9lastiqu\u00e9e<\/strong> pour plus de confort<\/p>\n<\/li>\n<li data-start=\"997\" data-end=\"1060\">\n<p data-start=\"999\" data-end=\"1060\"><strong data-start=\"999\" data-end=\"1031\">Coutures de s\u00e9curit\u00e9 \u00e0 l'arri\u00e8re<\/strong> qui augmente la r\u00e9sistance<\/p>\n<\/li>\n<li data-start=\"1061\" data-end=\"1107\">\n<p data-start=\"1063\" data-end=\"1107\"><strong data-start=\"1063\" data-end=\"1084\">\u00c9triers avant<\/strong> pour un meilleur ajustement<\/p>\n<\/li>\n<li data-start=\"1108\" data-end=\"1261\">\n<p data-start=\"1110\" data-end=\"1142\"><strong data-start=\"1110\" data-end=\"1141\">Cinq poches fonctionnelles<\/strong>:<\/p>\n<ul data-start=\"1145\" data-end=\"1261\">\n<li data-start=\"1145\" data-end=\"1170\">\n<p data-start=\"1147\" data-end=\"1170\">2 poches fran\u00e7aises<\/p>\n<\/li>\n<li data-start=\"1173\" data-end=\"1218\">\n<p data-start=\"1175\" data-end=\"1218\">2 poches plaqu\u00e9es avec rabat et velcro<\/p>\n<\/li>\n<li data-start=\"1221\" data-end=\"1261\">\n<p data-start=\"1223\" data-end=\"1261\">1 poche arri\u00e8re passepoil\u00e9e avec bouton<\/p>\n<\/li>\n<\/ul>\n<\/li>\n<\/ul>\n<p data-start=\"1268\" data-end=\"1281\"><strong data-start=\"1271\" data-end=\"1281\">Tissu<\/strong><\/p>\n<ul data-start=\"1283\" data-end=\"1399\">\n<li data-start=\"1283\" data-end=\"1308\">\n<p data-start=\"1285\" data-end=\"1308\"><strong data-start=\"1285\" data-end=\"1306\">Velours c\u00f4tel\u00e9 100% coton<\/strong><\/p>\n<\/li>\n<li data-start=\"1309\" data-end=\"1359\">\n<p data-start=\"1311\" data-end=\"1359\"><strong data-start=\"1311\" data-end=\"1332\">Poids : 270 g\/m\u00b2.<\/strong>, id\u00e9al pour les climats froids<\/p>\n<\/li>\n<li data-start=\"1360\" data-end=\"1399\">\n<p data-start=\"1362\" data-end=\"1399\">Mat\u00e9riau doux, durable et chaud<\/p>\n<\/li>\n<\/ul>\n<p data-start=\"1406\" data-end=\"1433\"><strong data-start=\"1409\" data-end=\"1433\">Recommandation d'utilisation<\/strong><\/p>\n<p data-start=\"1435\" data-end=\"1681\">Parfait pour <strong data-start=\"1449\" data-end=\"1475\">travail en ext\u00e9rieur<\/strong>, Son design pratique et son tissu en velours c\u00f4tel\u00e9 en font un v\u00eatement durable pour un usage quotidien. Son design pratique et son tissu en velours c\u00f4tel\u00e9 en font un v\u00eatement durable pour un usage quotidien.<\/p>\n<\/div>\n<\/div>","protected":false},"excerpt":{"rendered":"<p data-start=\"319\" data-end=\"469\">Pantalon en velours c\u00f4tel\u00e9 chaud et durable, id\u00e9al pour travailler dans des environnements froids. Dot\u00e9 d'une fermeture \u00e0 glissi\u00e8re, d'une taille \u00e9lastiqu\u00e9e et de multiples poches fonctionnelles, il offre un maximum de confort et de praticit\u00e9 pendant la journ\u00e9e de travail. Fabriqu\u00e9 en coton 100% d'un poids de 270 g\/m\u00b2 pour une excellente protection thermique.<\/p>\n<p data-start=\"471\" data-end=\"629\"><img decoding=\"async\" class=\"alignnone wp-image-15450\" src=\"https:\/\/combi-pro.com\/wp-content\/uploads\/2024\/05\/100-COTTON.png\" alt=\"\" width=\"117\" height=\"40\" srcset=\"https:\/\/combi-pro.com\/wp-content\/uploads\/2024\/05\/100-COTTON.png 228w, https:\/\/combi-pro.com\/wp-content\/uploads\/2024\/05\/100-COTTON-64x22.png 64w, https:\/\/combi-pro.com\/wp-content\/uploads\/2024\/05\/100-COTTON-18x6.png 18w\" sizes=\"(max-width: 117px) 100vw, 117px\" \/> <img decoding=\"async\" class=\"alignnone wp-image-15232\" src=\"https:\/\/combi-pro.com\/wp-content\/uploads\/2025\/04\/icon-w270.png\" alt=\"\" width=\"120\" height=\"40\" srcset=\"https:\/\/combi-pro.com\/wp-content\/uploads\/2025\/04\/icon-w270.png 228w, https:\/\/combi-pro.com\/wp-content\/uploads\/2025\/04\/icon-w270-64x21.png 64w, https:\/\/combi-pro.com\/wp-content\/uploads\/2025\/04\/icon-w270-18x6.png 18w\" sizes=\"(max-width: 120px) 100vw, 120px\" \/><\/p>\n<p><strong>GUIDE DES TAILLES<\/strong><\/p>\n<p><strong><img decoding=\"async\" class=\"alignnone wp-image-17885\" src=\"https:\/\/combi-pro.com\/wp-content\/uploads\/2024\/05\/109.5-114.5-screenshot-1750335746913-300x117.png\" alt=\"\" width=\"308\" height=\"120\" srcset=\"https:\/\/combi-pro.com\/wp-content\/uploads\/2024\/05\/109.5-114.5-screenshot-1750335746913-300x117.png 300w, https:\/\/combi-pro.com\/wp-content\/uploads\/2024\/05\/109.5-114.5-screenshot-1750335746913-18x7.png 18w, https:\/\/combi-pro.com\/wp-content\/uploads\/2024\/05\/109.5-114.5-screenshot-1750335746913-64x25.png 64w, https:\/\/combi-pro.com\/wp-content\/uploads\/2024\/05\/109.5-114.5-screenshot-1750335746913.png 401w\" sizes=\"(max-width: 308px) 100vw, 308px\" \/> <img loading=\"lazy\" decoding=\"async\" class=\"alignnone wp-image-17729\" src=\"https:\/\/combi-pro.com\/wp-content\/uploads\/2024\/05\/screenshot-1749765502228.png\" alt=\"\" width=\"133\" height=\"100\" srcset=\"https:\/\/combi-pro.com\/wp-content\/uploads\/2024\/05\/screenshot-1749765502228.png 292w, https:\/\/combi-pro.com\/wp-content\/uploads\/2024\/05\/screenshot-1749765502228-64x48.png 64w, https:\/\/combi-pro.com\/wp-content\/uploads\/2024\/05\/screenshot-1749765502228-16x12.png 16w\" sizes=\"(max-width: 133px) 100vw, 133px\" \/>\u00a0\u00a0<\/strong><\/p>","protected":false},"featured_media":9894,"template":"","meta":{"site-sidebar-layout":"default","site-content-layout":"","ast-site-content-layout":"default","site-content-style":"default","site-sidebar-style":"default","ast-global-header-display":"","ast-banner-title-visibility":"","ast-main-header-display":"","ast-hfb-above-header-display":"","ast-hfb-below-header-display":"","ast-hfb-mobile-header-display":"","site-post-title":"","ast-breadcrumbs-content":"","ast-featured-img":"","footer-sml-layout":"","ast-disable-related-posts":"","theme-transparent-header-meta":"default","adv-header-id-meta":"","stick-header-meta":"","header-above-stick-meta":"","header-main-stick-meta":"","header-below-stick-meta":"","astra-migrate-meta-layouts":"set","ast-page-background-enabled":"default","ast-page-background-meta":{"desktop":{"background-color":"","background-image":"","background-repeat":"repeat","background-position":"center center","background-size":"auto","background-attachment":"scroll","background-type":"","background-media":"","overlay-type":"","overlay-color":"","overlay-opacity":"","overlay-gradient":""},"tablet":{"background-color":"","background-image":"","background-repeat":"repeat","background-position":"center center","background-size":"auto","background-attachment":"scroll","background-type":"","background-media":"","overlay-type":"","overlay-color":"","overlay-opacity":"","overlay-gradient":""},"mobile":{"background-color":"","background-image":"","background-repeat":"repeat","background-position":"center center","background-size":"auto","background-attachment":"scroll","background-type":"","background-media":"","overlay-type":"","overlay-color":"","overlay-opacity":"","overlay-gradient":""}},"ast-content-background-meta":{"desktop":{"background-color":"var(--ast-global-color-5)","background-image":"","background-repeat":"repeat","background-position":"center center","background-size":"auto","background-attachment":"scroll","background-type":"","background-media":"","overlay-type":"","overlay-color":"","overlay-opacity":"","overlay-gradient":""},"tablet":{"background-color":"var(--ast-global-color-5)","background-image":"","background-repeat":"repeat","background-position":"center center","background-size":"auto","background-attachment":"scroll","background-type":"","background-media":"","overlay-type":"","overlay-color":"","overlay-opacity":"","overlay-gradient":""},"mobile":{"background-color":"var(--ast-global-color-5)","background-image":"","background-repeat":"repeat","background-position":"center center","background-size":"auto","background-attachment":"scroll","background-type":"","background-media":"","overlay-type":"","overlay-color":"","overlay-opacity":"","overlay-gradient":""}}},"product_brand":[442],"product_cat":[30,86,50],"product_tag":[],"class_list":{"0":"post-9890","1":"product","2":"type-product","3":"status-publish","4":"has-post-thumbnail","6":"product_brand-velilla","7":"product_cat-industria-base","8":"product_cat-pantalones","9":"product_cat-ropa-profesional","10":"desktop-align-center","11":"tablet-align-left","12":"mobile-align-left","14":"first","15":"outofstock","16":"taxable","17":"shipping-taxable","18":"purchasable","19":"product-type-variable","20":"has-default-attributes"},"_links":{"self":[{"href":"https:\/\/combi-pro.com\/fr\/wp-json\/wp\/v2\/product\/9890","targetHints":{"allow":["GET"]}}],"collection":[{"href":"https:\/\/combi-pro.com\/fr\/wp-json\/wp\/v2\/product"}],"about":[{"href":"https:\/\/combi-pro.com\/fr\/wp-json\/wp\/v2\/types\/product"}],"wp:featuredmedia":[{"embeddable":true,"href":"https:\/\/combi-pro.com\/fr\/wp-json\/wp\/v2\/media\/9894"}],"wp:attachment":[{"href":"https:\/\/combi-pro.com\/fr\/wp-json\/wp\/v2\/media?parent=9890"}],"wp:term":[{"taxonomy":"product_brand","embeddable":true,"href":"https:\/\/combi-pro.com\/fr\/wp-json\/wp\/v2\/product_brand?post=9890"},{"taxonomy":"product_cat","embeddable":true,"href":"https:\/\/combi-pro.com\/fr\/wp-json\/wp\/v2\/product_cat?post=9890"},{"taxonomy":"product_tag","embeddable":true,"href":"https:\/\/combi-pro.com\/fr\/wp-json\/wp\/v2\/product_tag?post=9890"}],"curies":[{"name":"wp","href":"https:\/\/api.w.org\/{rel}","templated":true}]}}