{"id":9901,"date":"2024-05-25T23:50:15","date_gmt":"2024-05-25T21:50:15","guid":{"rendered":"https:\/\/combi-pro.com\/?post_type=product&#038;p=9901"},"modified":"2026-04-13T20:24:34","modified_gmt":"2026-04-13T18:24:34","slug":"103006-pantalon-double","status":"publish","type":"product","link":"https:\/\/combi-pro.com\/fr\/boutique\/103006-pantalon-double\/","title":{"rendered":"Pantalon de travail multipoches avec doublure int\u00e9rieure 103006 | VELILLA"},"content":{"rendered":"<div class=\"data item\" role=\"tablist\">\n<div id=\"description\" class=\"data item content\" role=\"tabpanel\" aria-labelledby=\"tab-label-description\" data-role=\"content\" aria-hidden=\"false\">\n<div class=\"product attribute description\">\n<div class=\"value\">\n<p data-start=\"564\" data-end=\"596\"><strong data-start=\"567\" data-end=\"596\">Caract\u00e9ristiques techniques :<\/strong><\/p>\n<ul>\n<li data-start=\"600\" data-end=\"639\">Fermeture centrale \u00e0 glissi\u00e8re et bouton<\/li>\n<li data-start=\"642\" data-end=\"663\">Taille \u00e9lastiqu\u00e9e<\/li>\n<li data-start=\"666\" data-end=\"696\">Coutures de s\u00e9curit\u00e9 \u00e0 l'arri\u00e8re<\/li>\n<li data-start=\"699\" data-end=\"707\">Pince \u00e0 \u00e9piler<\/li>\n<li data-start=\"710\" data-end=\"724\">6 poches :<\/li>\n<li data-start=\"729\" data-end=\"752\">2 poches fran\u00e7aises<\/li>\n<li data-start=\"757\" data-end=\"816\">2 poches plaqu\u00e9es avec soufflet central, rabat et velcro<\/li>\n<li data-start=\"821\" data-end=\"873\">2 poches arri\u00e8re \u00e0 soufflet avec rabat et velcro<\/li>\n<\/ul>\n<p data-start=\"875\" data-end=\"892\"><strong data-start=\"878\" data-end=\"890\">Tissus :<\/strong><\/p>\n<ul>\n<li data-start=\"895\" data-end=\"952\">Ext\u00e9rieur : Twill. 65% polyester - 35% coton \/ 200 g\/m\u00b2.<\/li>\n<li data-start=\"955\" data-end=\"1001\">Doublure : Jersey uni. 100% polyester \/ 185 g\/m\u00b2.<\/li>\n<\/ul>\n<p data-start=\"1003\" data-end=\"1026\"><strong data-start=\"1006\" data-end=\"1015\">Gamme : <\/strong>Les classiques<\/p>\n<p data-start=\"1028\" data-end=\"1183\"><strong data-start=\"1030\" data-end=\"1055\">Recommandation d'utilisation :<\/strong><\/p>\n<ul>\n<li data-start=\"1028\" data-end=\"1183\">Parfait pour les professionnels travaillant dans des environnements froids. Offre une protection thermique sans sacrifier le confort ou la mobilit\u00e9.<\/li>\n<\/ul>\n<\/div>\n<\/div>\n<\/div>\n<\/div>","protected":false},"excerpt":{"rendered":"<p data-start=\"188\" data-end=\"375\">Pantalon de travail doubl\u00e9, multipoches, avec taille \u00e9lastiqu\u00e9e et doublure int\u00e9rieure chaude. Id\u00e9al par temps froid et pour le travail en ext\u00e9rieur.<\/p>\n<p data-start=\"377\" data-end=\"562\"><img decoding=\"async\" class=\"alignnone wp-image-15225\" src=\"https:\/\/combi-pro.com\/wp-content\/uploads\/2025\/04\/icon-cold.png\" alt=\"\" width=\"40\" height=\"40\" srcset=\"https:\/\/combi-pro.com\/wp-content\/uploads\/2025\/04\/icon-cold.png 134w, https:\/\/combi-pro.com\/wp-content\/uploads\/2025\/04\/icon-cold-100x100.png 100w, https:\/\/combi-pro.com\/wp-content\/uploads\/2025\/04\/icon-cold-64x64.png 64w, https:\/\/combi-pro.com\/wp-content\/uploads\/2025\/04\/icon-cold-12x12.png 12w\" sizes=\"(max-width: 40px) 100vw, 40px\" \/> <img decoding=\"async\" class=\"alignnone wp-image-15226\" src=\"https:\/\/combi-pro.com\/wp-content\/uploads\/2025\/04\/icon-2layer.png\" alt=\"\" width=\"40\" height=\"40\" srcset=\"https:\/\/combi-pro.com\/wp-content\/uploads\/2025\/04\/icon-2layer.png 134w, https:\/\/combi-pro.com\/wp-content\/uploads\/2025\/04\/icon-2layer-100x100.png 100w, https:\/\/combi-pro.com\/wp-content\/uploads\/2025\/04\/icon-2layer-64x64.png 64w, https:\/\/combi-pro.com\/wp-content\/uploads\/2025\/04\/icon-2layer-12x12.png 12w\" sizes=\"(max-width: 40px) 100vw, 40px\" \/><\/p>\n<p><strong>GUIDE DES TAILLES<\/strong><\/p>\n<p><strong><img decoding=\"async\" class=\"alignnone wp-image-17865\" src=\"https:\/\/combi-pro.com\/wp-content\/uploads\/2024\/05\/108-113.5-screenshot-1750320869103-300x226.png\" alt=\"\" width=\"239\" height=\"180\" srcset=\"https:\/\/combi-pro.com\/wp-content\/uploads\/2024\/05\/108-113.5-screenshot-1750320869103-300x226.png 300w, https:\/\/combi-pro.com\/wp-content\/uploads\/2024\/05\/108-113.5-screenshot-1750320869103-16x12.png 16w, https:\/\/combi-pro.com\/wp-content\/uploads\/2024\/05\/108-113.5-screenshot-1750320869103-64x48.png 64w, https:\/\/combi-pro.com\/wp-content\/uploads\/2024\/05\/108-113.5-screenshot-1750320869103.png 399w\" sizes=\"(max-width: 239px) 100vw, 239px\" \/> <img loading=\"lazy\" decoding=\"async\" class=\"alignnone wp-image-17729\" src=\"https:\/\/combi-pro.com\/wp-content\/uploads\/2024\/05\/screenshot-1749765502228.png\" alt=\"\" width=\"186\" height=\"140\" srcset=\"https:\/\/combi-pro.com\/wp-content\/uploads\/2024\/05\/screenshot-1749765502228.png 292w, https:\/\/combi-pro.com\/wp-content\/uploads\/2024\/05\/screenshot-1749765502228-64x48.png 64w, https:\/\/combi-pro.com\/wp-content\/uploads\/2024\/05\/screenshot-1749765502228-16x12.png 16w\" sizes=\"(max-width: 186px) 100vw, 186px\" \/>\u00a0 \u00a0<\/strong><\/p>","protected":false},"featured_media":9907,"template":"","meta":{"site-sidebar-layout":"default","site-content-layout":"","ast-site-content-layout":"default","site-content-style":"default","site-sidebar-style":"default","ast-global-header-display":"","ast-banner-title-visibility":"","ast-main-header-display":"","ast-hfb-above-header-display":"","ast-hfb-below-header-display":"","ast-hfb-mobile-header-display":"","site-post-title":"","ast-breadcrumbs-content":"","ast-featured-img":"","footer-sml-layout":"","ast-disable-related-posts":"","theme-transparent-header-meta":"default","adv-header-id-meta":"","stick-header-meta":"","header-above-stick-meta":"","header-main-stick-meta":"","header-below-stick-meta":"","astra-migrate-meta-layouts":"set","ast-page-background-enabled":"default","ast-page-background-meta":{"desktop":{"background-color":"","background-image":"","background-repeat":"repeat","background-position":"center center","background-size":"auto","background-attachment":"scroll","background-type":"","background-media":"","overlay-type":"","overlay-color":"","overlay-opacity":"","overlay-gradient":""},"tablet":{"background-color":"","background-image":"","background-repeat":"repeat","background-position":"center center","background-size":"auto","background-attachment":"scroll","background-type":"","background-media":"","overlay-type":"","overlay-color":"","overlay-opacity":"","overlay-gradient":""},"mobile":{"background-color":"","background-image":"","background-repeat":"repeat","background-position":"center center","background-size":"auto","background-attachment":"scroll","background-type":"","background-media":"","overlay-type":"","overlay-color":"","overlay-opacity":"","overlay-gradient":""}},"ast-content-background-meta":{"desktop":{"background-color":"var(--ast-global-color-5)","background-image":"","background-repeat":"repeat","background-position":"center center","background-size":"auto","background-attachment":"scroll","background-type":"","background-media":"","overlay-type":"","overlay-color":"","overlay-opacity":"","overlay-gradient":""},"tablet":{"background-color":"var(--ast-global-color-5)","background-image":"","background-repeat":"repeat","background-position":"center center","background-size":"auto","background-attachment":"scroll","background-type":"","background-media":"","overlay-type":"","overlay-color":"","overlay-opacity":"","overlay-gradient":""},"mobile":{"background-color":"var(--ast-global-color-5)","background-image":"","background-repeat":"repeat","background-position":"center center","background-size":"auto","background-attachment":"scroll","background-type":"","background-media":"","overlay-type":"","overlay-color":"","overlay-opacity":"","overlay-gradient":""}}},"product_brand":[442],"product_cat":[30,86,50],"product_tag":[],"class_list":{"0":"post-9901","1":"product","2":"type-product","3":"status-publish","4":"has-post-thumbnail","6":"product_brand-velilla","7":"product_cat-industria-base","8":"product_cat-pantalones","9":"product_cat-ropa-profesional","10":"desktop-align-center","11":"tablet-align-left","12":"mobile-align-left","14":"first","15":"instock","16":"taxable","17":"shipping-taxable","18":"purchasable","19":"product-type-variable","20":"has-default-attributes"},"_links":{"self":[{"href":"https:\/\/combi-pro.com\/fr\/wp-json\/wp\/v2\/product\/9901","targetHints":{"allow":["GET"]}}],"collection":[{"href":"https:\/\/combi-pro.com\/fr\/wp-json\/wp\/v2\/product"}],"about":[{"href":"https:\/\/combi-pro.com\/fr\/wp-json\/wp\/v2\/types\/product"}],"wp:featuredmedia":[{"embeddable":true,"href":"https:\/\/combi-pro.com\/fr\/wp-json\/wp\/v2\/media\/9907"}],"wp:attachment":[{"href":"https:\/\/combi-pro.com\/fr\/wp-json\/wp\/v2\/media?parent=9901"}],"wp:term":[{"taxonomy":"product_brand","embeddable":true,"href":"https:\/\/combi-pro.com\/fr\/wp-json\/wp\/v2\/product_brand?post=9901"},{"taxonomy":"product_cat","embeddable":true,"href":"https:\/\/combi-pro.com\/fr\/wp-json\/wp\/v2\/product_cat?post=9901"},{"taxonomy":"product_tag","embeddable":true,"href":"https:\/\/combi-pro.com\/fr\/wp-json\/wp\/v2\/product_tag?post=9901"}],"curies":[{"name":"wp","href":"https:\/\/api.w.org\/{rel}","templated":true}]}}