{"id":9931,"date":"2024-05-26T00:21:41","date_gmt":"2024-05-25T22:21:41","guid":{"rendered":"https:\/\/combi-pro.com\/?post_type=product&#038;p=9931"},"modified":"2026-04-13T20:24:51","modified_gmt":"2026-04-13T18:24:51","slug":"290-salopettes","status":"publish","type":"product","link":"https:\/\/combi-pro.com\/fr\/boutique\/290-salopettes\/","title":{"rendered":"Pantalon de travail avec salopette multi-poches 290 | VELILLA"},"content":{"rendered":"<p data-start=\"746\" data-end=\"778\"><strong data-start=\"749\" data-end=\"778\">Caract\u00e9ristiques techniques :<\/strong><\/p>\n<ul>\n<li data-start=\"782\" data-end=\"813\">Fermeture centrale \u00e0 glissi\u00e8re<\/li>\n<li data-start=\"816\" data-end=\"849\">Boucles en PVC sur les bretelles<\/li>\n<li data-start=\"852\" data-end=\"885\">Boutons lat\u00e9raux \u00e0 la taille<\/li>\n<li data-start=\"888\" data-end=\"921\">Taille et bretelles \u00e9lastiques<\/li>\n<li data-start=\"924\" data-end=\"950\">Des pinces pour un meilleur ajustement<\/li>\n<li data-start=\"953\" data-end=\"1004\">Double couture de s\u00e9curit\u00e9 pour plus de solidit\u00e9<\/li>\n<li data-start=\"1007\" data-end=\"1024\">Six poches :<\/li>\n<li data-start=\"1029\" data-end=\"1107\">1 poche plaqu\u00e9e sur la poitrine avec fermeture \u00e9clair et compartiments suppl\u00e9mentaires<\/li>\n<li data-start=\"1112\" data-end=\"1146\">2 poches inf\u00e9rieures plaqu\u00e9es<\/li>\n<li data-start=\"1151\" data-end=\"1181\">1 poche arri\u00e8re plaqu\u00e9e<\/li>\n<li data-start=\"1186\" data-end=\"1253\">2 poches \u00e0 outils sur la jambe droite (l'une au-dessus de l'autre)<\/li>\n<\/ul>\n<p data-start=\"1255\" data-end=\"1271\"><strong data-start=\"1258\" data-end=\"1269\">Tissu:<\/strong><\/p>\n<ul>\n<li data-start=\"1274\" data-end=\"1310\">Twill : 65% polyester - 35% coton<\/li>\n<li data-start=\"1313\" data-end=\"1330\">Grammage : 200 g\/m\u00b2.<\/li>\n<\/ul>\n<p data-start=\"1332\" data-end=\"1353\"><strong data-start=\"1335\" data-end=\"1344\">Gamme :<\/strong> Les classiques<\/p>\n<p data-start=\"1355\" data-end=\"1544\"><strong data-start=\"1357\" data-end=\"1382\">Recommandation d'utilisation :<\/strong><\/p>\n<ul>\n<li data-start=\"1355\" data-end=\"1544\">Parfait pour les m\u00e9caniciens, les charpentiers, les travailleurs industriels ou les professionnels \u00e0 la recherche d'un ensemble confortable offrant une bonne mobilit\u00e9 et un vaste espace de rangement.<\/li>\n<\/ul>","protected":false},"excerpt":{"rendered":"<p data-start=\"354\" data-end=\"545\">Salopette durable, extensible et fonctionnelle. Dot\u00e9e de multiples poches, de bretelles r\u00e9glables et d'un tissu serg\u00e9 r\u00e9sistant. Id\u00e9ale pour un usage professionnel.<\/p>\n<p><strong>GUIDE DES TAILLES<\/strong><\/p>\n<p><strong><img decoding=\"async\" class=\"alignnone wp-image-17860\" src=\"https:\/\/combi-pro.com\/wp-content\/uploads\/2024\/05\/106.5-113-screenshot-1750275677438-300x225.png\" alt=\"\" width=\"240\" height=\"180\" srcset=\"https:\/\/combi-pro.com\/wp-content\/uploads\/2024\/05\/106.5-113-screenshot-1750275677438-300x225.png 300w, https:\/\/combi-pro.com\/wp-content\/uploads\/2024\/05\/106.5-113-screenshot-1750275677438-16x12.png 16w, https:\/\/combi-pro.com\/wp-content\/uploads\/2024\/05\/106.5-113-screenshot-1750275677438-64x48.png 64w, https:\/\/combi-pro.com\/wp-content\/uploads\/2024\/05\/106.5-113-screenshot-1750275677438.png 400w\" sizes=\"(max-width: 240px) 100vw, 240px\" \/> <img decoding=\"async\" class=\"alignnone wp-image-17729\" src=\"https:\/\/combi-pro.com\/wp-content\/uploads\/2024\/05\/screenshot-1749765502228.png\" alt=\"\" width=\"186\" height=\"140\" srcset=\"https:\/\/combi-pro.com\/wp-content\/uploads\/2024\/05\/screenshot-1749765502228.png 292w, https:\/\/combi-pro.com\/wp-content\/uploads\/2024\/05\/screenshot-1749765502228-64x48.png 64w, https:\/\/combi-pro.com\/wp-content\/uploads\/2024\/05\/screenshot-1749765502228-16x12.png 16w\" sizes=\"(max-width: 186px) 100vw, 186px\" \/>\u00a0 \u00a0<\/strong><\/p>","protected":false},"featured_media":9940,"template":"","meta":{"site-sidebar-layout":"default","site-content-layout":"","ast-site-content-layout":"default","site-content-style":"default","site-sidebar-style":"default","ast-global-header-display":"","ast-banner-title-visibility":"","ast-main-header-display":"","ast-hfb-above-header-display":"","ast-hfb-below-header-display":"","ast-hfb-mobile-header-display":"","site-post-title":"","ast-breadcrumbs-content":"","ast-featured-img":"","footer-sml-layout":"","ast-disable-related-posts":"","theme-transparent-header-meta":"default","adv-header-id-meta":"","stick-header-meta":"","header-above-stick-meta":"","header-main-stick-meta":"","header-below-stick-meta":"","astra-migrate-meta-layouts":"set","ast-page-background-enabled":"default","ast-page-background-meta":{"desktop":{"background-color":"","background-image":"","background-repeat":"repeat","background-position":"center center","background-size":"auto","background-attachment":"scroll","background-type":"","background-media":"","overlay-type":"","overlay-color":"","overlay-opacity":"","overlay-gradient":""},"tablet":{"background-color":"","background-image":"","background-repeat":"repeat","background-position":"center center","background-size":"auto","background-attachment":"scroll","background-type":"","background-media":"","overlay-type":"","overlay-color":"","overlay-opacity":"","overlay-gradient":""},"mobile":{"background-color":"","background-image":"","background-repeat":"repeat","background-position":"center center","background-size":"auto","background-attachment":"scroll","background-type":"","background-media":"","overlay-type":"","overlay-color":"","overlay-opacity":"","overlay-gradient":""}},"ast-content-background-meta":{"desktop":{"background-color":"var(--ast-global-color-5)","background-image":"","background-repeat":"repeat","background-position":"center center","background-size":"auto","background-attachment":"scroll","background-type":"","background-media":"","overlay-type":"","overlay-color":"","overlay-opacity":"","overlay-gradient":""},"tablet":{"background-color":"var(--ast-global-color-5)","background-image":"","background-repeat":"repeat","background-position":"center center","background-size":"auto","background-attachment":"scroll","background-type":"","background-media":"","overlay-type":"","overlay-color":"","overlay-opacity":"","overlay-gradient":""},"mobile":{"background-color":"var(--ast-global-color-5)","background-image":"","background-repeat":"repeat","background-position":"center center","background-size":"auto","background-attachment":"scroll","background-type":"","background-media":"","overlay-type":"","overlay-color":"","overlay-opacity":"","overlay-gradient":""}}},"product_brand":[442],"product_cat":[30,86,50],"product_tag":[],"class_list":{"0":"post-9931","1":"product","2":"type-product","3":"status-publish","4":"has-post-thumbnail","6":"product_brand-velilla","7":"product_cat-industria-base","8":"product_cat-pantalones","9":"product_cat-ropa-profesional","10":"desktop-align-center","11":"tablet-align-left","12":"mobile-align-left","14":"first","15":"instock","16":"taxable","17":"shipping-taxable","18":"purchasable","19":"product-type-variable","20":"has-default-attributes"},"_links":{"self":[{"href":"https:\/\/combi-pro.com\/fr\/wp-json\/wp\/v2\/product\/9931","targetHints":{"allow":["GET"]}}],"collection":[{"href":"https:\/\/combi-pro.com\/fr\/wp-json\/wp\/v2\/product"}],"about":[{"href":"https:\/\/combi-pro.com\/fr\/wp-json\/wp\/v2\/types\/product"}],"wp:featuredmedia":[{"embeddable":true,"href":"https:\/\/combi-pro.com\/fr\/wp-json\/wp\/v2\/media\/9940"}],"wp:attachment":[{"href":"https:\/\/combi-pro.com\/fr\/wp-json\/wp\/v2\/media?parent=9931"}],"wp:term":[{"taxonomy":"product_brand","embeddable":true,"href":"https:\/\/combi-pro.com\/fr\/wp-json\/wp\/v2\/product_brand?post=9931"},{"taxonomy":"product_cat","embeddable":true,"href":"https:\/\/combi-pro.com\/fr\/wp-json\/wp\/v2\/product_cat?post=9931"},{"taxonomy":"product_tag","embeddable":true,"href":"https:\/\/combi-pro.com\/fr\/wp-json\/wp\/v2\/product_tag?post=9931"}],"curies":[{"name":"wp","href":"https:\/\/api.w.org\/{rel}","templated":true}]}}