{"id":9954,"date":"2024-05-26T00:30:30","date_gmt":"2024-05-25T22:30:30","guid":{"rendered":"https:\/\/combi-pro.com\/?post_type=product&#038;p=9954"},"modified":"2026-04-13T20:24:56","modified_gmt":"2026-04-13T18:24:56","slug":"159-pantalon-av","status":"publish","type":"product","link":"https:\/\/combi-pro.com\/fr\/boutique\/159-pantalon-av\/","title":{"rendered":"Pantalon extensible r\u00e9fl\u00e9chissant \u00e0 haute visibilit\u00e9 avec 6 poches 159 | VELILLA"},"content":{"rendered":"<div class=\"data item\" role=\"tablist\">\n<div id=\"tab-label-description\" class=\"data item title active\" tabindex=\"0\" role=\"tab\" data-role=\"collapsible\" data-collapsible=\"true\" aria-controls=\"description\" aria-selected=\"false\" aria-expanded=\"true\">\n<p><strong data-start=\"298\" data-end=\"330\">Caract\u00e9ristiques principales:<\/strong><\/p>\n<ul>\n<li data-start=\"375\" data-end=\"448\">Fermeture centrale \u00e0 glissi\u00e8re et \u00e0 bouton pour un ajustement confortable et s\u00fbr.<\/li>\n<li data-start=\"451\" data-end=\"549\">Bandes r\u00e9fl\u00e9chissantes sur le bas du pantalon pour une meilleure visibilit\u00e9 dans des conditions de faible luminosit\u00e9.<\/li>\n<li data-start=\"552\" data-end=\"637\">La ceinture \u00e9lastiqu\u00e9e assure un ajustement souple et confortable tout au long de la journ\u00e9e.<\/li>\n<li data-start=\"640\" data-end=\"696\">Coutures de s\u00e9curit\u00e9 \u00e0 l'arri\u00e8re pour une meilleure durabilit\u00e9.<\/li>\n<li data-start=\"699\" data-end=\"752\">Des pinces qui permettent une plus grande amplitude de mouvement.<\/li>\n<li data-start=\"755\" data-end=\"774\">Six poches :<\/li>\n<li data-start=\"779\" data-end=\"801\">2 poches fran\u00e7aises.<\/li>\n<li data-start=\"806\" data-end=\"864\">2 poches plaqu\u00e9es avec soufflet central, rabat et velcro.<\/li>\n<li data-start=\"869\" data-end=\"968\">2 poches arri\u00e8re \u00e0 soufflet avec rabat et velcro, id\u00e9ales pour les outils et les objets personnels.<\/li>\n<\/ul>\n<p class=\"\" data-start=\"970\" data-end=\"990\"><strong data-start=\"970\" data-end=\"990\">Certifications :<\/strong><\/p>\n<ul data-start=\"991\" data-end=\"1133\">\n<li class=\"\" data-start=\"991\" data-end=\"1133\">\n<p class=\"\" data-start=\"993\" data-end=\"1133\">EN 17353 (classe B2) : certification de visibilit\u00e9 accrue, garantissant que le travailleur est visible dans des conditions de faible luminosit\u00e9.<\/p>\n<\/li>\n<\/ul>\n<p class=\"\" data-start=\"1135\" data-end=\"1162\"><strong data-start=\"1135\" data-end=\"1162\">Composition du tissu :<\/strong><\/p>\n<ul>\n<li data-start=\"1165\" data-end=\"1204\">Twill : 65% polyester - 35% coton.<\/li>\n<li data-start=\"1207\" data-end=\"1288\">Poids : 200 g\/m\u00b2, ce qui le rend durable et confortable pour une utilisation prolong\u00e9e.<\/li>\n<\/ul>\n<p class=\"\" data-start=\"1290\" data-end=\"1584\"><strong data-start=\"1290\" data-end=\"1310\">Recommandations:<\/strong> Ce pantalon est id\u00e9al pour les m\u00e9tiers o\u00f9 la visibilit\u00e9 et la praticit\u00e9 sont essentielles, tels que la construction, la logistique ou la maintenance. Gr\u00e2ce \u00e0 sa conception avec des bandes r\u00e9fl\u00e9chissantes et de multiples poches, il assure s\u00e9curit\u00e9 et confort \u00e0 tout moment.<\/p>\n<p class=\"\" data-start=\"1290\" data-end=\"1584\">Si vous recherchez un pantalon durable et visible pour vos journ\u00e9es de travail, ce mod\u00e8le est le choix id\u00e9al.<\/p>\n<\/div>\n<\/div>","protected":false},"excerpt":{"rendered":"<p class=\"\" data-start=\"219\" data-end=\"388\">Pantalon multipoches avec bandes r\u00e9fl\u00e9chissantes pour une visibilit\u00e9 et une fonctionnalit\u00e9 accrues, id\u00e9al pour les travaux n\u00e9cessitant une visibilit\u00e9 accrue (EN 17353 - Classe B2).<\/p>\n<p><img decoding=\"async\" class=\"alignnone wp-image-15254\" src=\"https:\/\/combi-pro.com\/wp-content\/uploads\/2024\/05\/EN-17353-CLASE-B2-238x300.png\" alt=\"\" width=\"32\" height=\"40\" srcset=\"https:\/\/combi-pro.com\/wp-content\/uploads\/2024\/05\/EN-17353-CLASE-B2-238x300.png 238w, https:\/\/combi-pro.com\/wp-content\/uploads\/2024\/05\/EN-17353-CLASE-B2-64x81.png 64w, https:\/\/combi-pro.com\/wp-content\/uploads\/2024\/05\/EN-17353-CLASE-B2-10x12.png 10w, https:\/\/combi-pro.com\/wp-content\/uploads\/2024\/05\/EN-17353-CLASE-B2.png 310w\" sizes=\"(max-width: 32px) 100vw, 32px\" \/> <img decoding=\"async\" class=\"alignnone wp-image-15251\" src=\"https:\/\/combi-pro.com\/wp-content\/uploads\/2024\/05\/REFLATEX-300x88.png\" alt=\"\" width=\"136\" height=\"40\" srcset=\"https:\/\/combi-pro.com\/wp-content\/uploads\/2024\/05\/REFLATEX-300x88.png 300w, https:\/\/combi-pro.com\/wp-content\/uploads\/2024\/05\/REFLATEX-450x133.png 450w, https:\/\/combi-pro.com\/wp-content\/uploads\/2024\/05\/REFLATEX-64x19.png 64w, https:\/\/combi-pro.com\/wp-content\/uploads\/2024\/05\/REFLATEX-18x5.png 18w, https:\/\/combi-pro.com\/wp-content\/uploads\/2024\/05\/REFLATEX.png 475w\" sizes=\"(max-width: 136px) 100vw, 136px\" \/><\/p>\n<p><strong>GUIDE DES TAILLES\u00a0<\/strong><\/p>\n<p><strong><img decoding=\"async\" class=\"alignnone wp-image-17732\" src=\"https:\/\/combi-pro.com\/wp-content\/uploads\/2024\/05\/109-screenshot-1749766242465-300x101.png\" alt=\"\" width=\"356\" height=\"120\" srcset=\"https:\/\/combi-pro.com\/wp-content\/uploads\/2024\/05\/109-screenshot-1749766242465-300x101.png 300w, https:\/\/combi-pro.com\/wp-content\/uploads\/2024\/05\/109-screenshot-1749766242465-64x22.png 64w, https:\/\/combi-pro.com\/wp-content\/uploads\/2024\/05\/109-screenshot-1749766242465-18x6.png 18w, https:\/\/combi-pro.com\/wp-content\/uploads\/2024\/05\/109-screenshot-1749766242465.png 400w\" sizes=\"(max-width: 356px) 100vw, 356px\" \/><\/strong> <img loading=\"lazy\" decoding=\"async\" class=\"alignnone wp-image-17729\" src=\"https:\/\/combi-pro.com\/wp-content\/uploads\/2024\/05\/screenshot-1749765502228.png\" alt=\"\" width=\"159\" height=\"120\" srcset=\"https:\/\/combi-pro.com\/wp-content\/uploads\/2024\/05\/screenshot-1749765502228.png 292w, https:\/\/combi-pro.com\/wp-content\/uploads\/2024\/05\/screenshot-1749765502228-64x48.png 64w, https:\/\/combi-pro.com\/wp-content\/uploads\/2024\/05\/screenshot-1749765502228-16x12.png 16w\" sizes=\"(max-width: 159px) 100vw, 159px\" \/><\/p>","protected":false},"featured_media":9962,"template":"","meta":{"site-sidebar-layout":"default","site-content-layout":"","ast-site-content-layout":"default","site-content-style":"default","site-sidebar-style":"default","ast-global-header-display":"","ast-banner-title-visibility":"","ast-main-header-display":"","ast-hfb-above-header-display":"","ast-hfb-below-header-display":"","ast-hfb-mobile-header-display":"","site-post-title":"","ast-breadcrumbs-content":"","ast-featured-img":"","footer-sml-layout":"","ast-disable-related-posts":"","theme-transparent-header-meta":"default","adv-header-id-meta":"","stick-header-meta":"","header-above-stick-meta":"","header-main-stick-meta":"","header-below-stick-meta":"","astra-migrate-meta-layouts":"set","ast-page-background-enabled":"default","ast-page-background-meta":{"desktop":{"background-color":"","background-image":"","background-repeat":"repeat","background-position":"center center","background-size":"auto","background-attachment":"scroll","background-type":"","background-media":"","overlay-type":"","overlay-color":"","overlay-opacity":"","overlay-gradient":""},"tablet":{"background-color":"","background-image":"","background-repeat":"repeat","background-position":"center center","background-size":"auto","background-attachment":"scroll","background-type":"","background-media":"","overlay-type":"","overlay-color":"","overlay-opacity":"","overlay-gradient":""},"mobile":{"background-color":"","background-image":"","background-repeat":"repeat","background-position":"center center","background-size":"auto","background-attachment":"scroll","background-type":"","background-media":"","overlay-type":"","overlay-color":"","overlay-opacity":"","overlay-gradient":""}},"ast-content-background-meta":{"desktop":{"background-color":"var(--ast-global-color-5)","background-image":"","background-repeat":"repeat","background-position":"center center","background-size":"auto","background-attachment":"scroll","background-type":"","background-media":"","overlay-type":"","overlay-color":"","overlay-opacity":"","overlay-gradient":""},"tablet":{"background-color":"var(--ast-global-color-5)","background-image":"","background-repeat":"repeat","background-position":"center center","background-size":"auto","background-attachment":"scroll","background-type":"","background-media":"","overlay-type":"","overlay-color":"","overlay-opacity":"","overlay-gradient":""},"mobile":{"background-color":"var(--ast-global-color-5)","background-image":"","background-repeat":"repeat","background-position":"center center","background-size":"auto","background-attachment":"scroll","background-type":"","background-media":"","overlay-type":"","overlay-color":"","overlay-opacity":"","overlay-gradient":""}}},"product_brand":[442],"product_cat":[67,100,50],"product_tag":[],"class_list":{"0":"post-9954","1":"product","2":"type-product","3":"status-publish","4":"has-post-thumbnail","6":"product_brand-velilla","7":"product_cat-alta-visibilidad","8":"product_cat-pantalones-alta-visibilidad","9":"product_cat-ropa-profesional","10":"desktop-align-center","11":"tablet-align-left","12":"mobile-align-left","14":"first","15":"instock","16":"taxable","17":"shipping-taxable","18":"purchasable","19":"product-type-variable","20":"has-default-attributes"},"_links":{"self":[{"href":"https:\/\/combi-pro.com\/fr\/wp-json\/wp\/v2\/product\/9954","targetHints":{"allow":["GET"]}}],"collection":[{"href":"https:\/\/combi-pro.com\/fr\/wp-json\/wp\/v2\/product"}],"about":[{"href":"https:\/\/combi-pro.com\/fr\/wp-json\/wp\/v2\/types\/product"}],"wp:featuredmedia":[{"embeddable":true,"href":"https:\/\/combi-pro.com\/fr\/wp-json\/wp\/v2\/media\/9962"}],"wp:attachment":[{"href":"https:\/\/combi-pro.com\/fr\/wp-json\/wp\/v2\/media?parent=9954"}],"wp:term":[{"taxonomy":"product_brand","embeddable":true,"href":"https:\/\/combi-pro.com\/fr\/wp-json\/wp\/v2\/product_brand?post=9954"},{"taxonomy":"product_cat","embeddable":true,"href":"https:\/\/combi-pro.com\/fr\/wp-json\/wp\/v2\/product_cat?post=9954"},{"taxonomy":"product_tag","embeddable":true,"href":"https:\/\/combi-pro.com\/fr\/wp-json\/wp\/v2\/product_tag?post=9954"}],"curies":[{"name":"wp","href":"https:\/\/api.w.org\/{rel}","templated":true}]}}