{"id":9969,"date":"2024-05-26T00:42:08","date_gmt":"2024-05-25T22:42:08","guid":{"rendered":"https:\/\/combi-pro.com\/?post_type=product&#038;p=9969"},"modified":"2026-04-13T20:24:58","modified_gmt":"2026-04-13T18:24:58","slug":"103018s-pantalon-en-denim-stretch","status":"publish","type":"product","link":"https:\/\/combi-pro.com\/fr\/boutique\/103018s-pantalon-en-denim-stretch\/","title":{"rendered":"Pantalon de travail slim en denim stretch avec poches outils 103018S | VELILLA"},"content":{"rendered":"<p data-start=\"516\" data-end=\"549\"><strong data-start=\"519\" data-end=\"549\">Caract\u00e9ristiques techniques :<\/strong><\/p>\n<ul>\n<li data-start=\"553\" data-end=\"569\">Coupe cintr\u00e9e<\/li>\n<li data-start=\"572\" data-end=\"600\">Fermeture centrale par bouton<\/li>\n<li data-start=\"603\" data-end=\"631\">Double couture de s\u00e9curit\u00e9<\/li>\n<li data-start=\"634\" data-end=\"666\">Rivets de renforcement m\u00e9talliques<\/li>\n<li data-start=\"669\" data-end=\"699\">7 poches fonctionnelles :<\/li>\n<li data-start=\"704\" data-end=\"728\">2 poches avant<\/li>\n<li data-start=\"733\" data-end=\"754\">1 pochette de montre<\/li>\n<li data-start=\"759\" data-end=\"791\">2 poches arri\u00e8re plaqu\u00e9es<\/li>\n<li data-start=\"796\" data-end=\"862\">1 poche vivante pour t\u00e9l\u00e9phone portable\/outil sur la jambe gauche<\/li>\n<li data-start=\"867\" data-end=\"945\">1 poche vivante pour t\u00e9l\u00e9phone portable\/outil sur la jambe droite (arri\u00e8re)<\/li>\n<\/ul>\n<p data-start=\"947\" data-end=\"1030\"><strong data-start=\"950\" data-end=\"962\">Tissu :<\/strong><\/p>\n<ul>\n<li data-start=\"947\" data-end=\"1030\">Denim Stretch - 98% coton, 2% \u00e9lasthanne<\/li>\n<li data-start=\"947\" data-end=\"1030\">Grammage : 380 g\/m\u00b2.<\/li>\n<\/ul>\n<p data-start=\"1032\" data-end=\"1053\"><strong data-start=\"1035\" data-end=\"1045\">Gamme : <\/strong>Denim<\/p>\n<p data-start=\"1055\" data-end=\"1275\"><strong data-start=\"1057\" data-end=\"1083\">Recommandation d'utilisation :<\/strong><\/p>\n<ul>\n<li data-start=\"1055\" data-end=\"1275\">Parfait pour les professionnels qui recherchent la robustesse du denim avec la flexibilit\u00e9 du tissu extensible. Id\u00e9al dans les environnements o\u00f9 la durabilit\u00e9, la fonctionnalit\u00e9 et la libert\u00e9 de mouvement sont requises.<\/li>\n<\/ul>","protected":false},"excerpt":{"rendered":"<p data-start=\"143\" data-end=\"328\">Pantalon de travail en denim extensible avec coupe ajust\u00e9e, multiples poches fonctionnelles et renforts m\u00e9talliques. Id\u00e9al pour un travail technique \u00e9l\u00e9gant.<\/p>\n<p data-start=\"330\" data-end=\"514\"><img decoding=\"async\" class=\"alignnone wp-image-15239\" src=\"https:\/\/combi-pro.com\/wp-content\/uploads\/2025\/04\/icon-stretch-cotton.png\" alt=\"\" width=\"75\" height=\"40\" srcset=\"https:\/\/combi-pro.com\/wp-content\/uploads\/2025\/04\/icon-stretch-cotton.png 228w, https:\/\/combi-pro.com\/wp-content\/uploads\/2025\/04\/icon-stretch-cotton-64x34.png 64w, https:\/\/combi-pro.com\/wp-content\/uploads\/2025\/04\/icon-stretch-cotton-18x10.png 18w\" sizes=\"(max-width: 75px) 100vw, 75px\" \/><\/p>\n<p><strong>GUIDE DES TAILLES<\/strong><\/p>\n<p><strong><img decoding=\"async\" class=\"alignnone wp-image-17869\" src=\"https:\/\/combi-pro.com\/wp-content\/uploads\/2024\/05\/83-83-screenshot-1750322997685-300x113.png\" alt=\"\" width=\"318\" height=\"120\" srcset=\"https:\/\/combi-pro.com\/wp-content\/uploads\/2024\/05\/83-83-screenshot-1750322997685-300x113.png 300w, https:\/\/combi-pro.com\/wp-content\/uploads\/2024\/05\/83-83-screenshot-1750322997685-18x7.png 18w, https:\/\/combi-pro.com\/wp-content\/uploads\/2024\/05\/83-83-screenshot-1750322997685-64x24.png 64w, https:\/\/combi-pro.com\/wp-content\/uploads\/2024\/05\/83-83-screenshot-1750322997685.png 398w\" sizes=\"(max-width: 318px) 100vw, 318px\" \/> <img decoding=\"async\" class=\"alignnone wp-image-17729\" src=\"https:\/\/combi-pro.com\/wp-content\/uploads\/2024\/05\/screenshot-1749765502228.png\" alt=\"\" width=\"133\" height=\"100\" srcset=\"https:\/\/combi-pro.com\/wp-content\/uploads\/2024\/05\/screenshot-1749765502228.png 292w, https:\/\/combi-pro.com\/wp-content\/uploads\/2024\/05\/screenshot-1749765502228-64x48.png 64w, https:\/\/combi-pro.com\/wp-content\/uploads\/2024\/05\/screenshot-1749765502228-16x12.png 16w\" sizes=\"(max-width: 133px) 100vw, 133px\" \/>\u00a0<\/strong><\/p>","protected":false},"featured_media":9972,"template":"","meta":{"site-sidebar-layout":"default","site-content-layout":"","ast-site-content-layout":"default","site-content-style":"default","site-sidebar-style":"default","ast-global-header-display":"","ast-banner-title-visibility":"","ast-main-header-display":"","ast-hfb-above-header-display":"","ast-hfb-below-header-display":"","ast-hfb-mobile-header-display":"","site-post-title":"","ast-breadcrumbs-content":"","ast-featured-img":"","footer-sml-layout":"","ast-disable-related-posts":"","theme-transparent-header-meta":"default","adv-header-id-meta":"","stick-header-meta":"","header-above-stick-meta":"","header-main-stick-meta":"","header-below-stick-meta":"","astra-migrate-meta-layouts":"set","ast-page-background-enabled":"default","ast-page-background-meta":{"desktop":{"background-color":"","background-image":"","background-repeat":"repeat","background-position":"center center","background-size":"auto","background-attachment":"scroll","background-type":"","background-media":"","overlay-type":"","overlay-color":"","overlay-opacity":"","overlay-gradient":""},"tablet":{"background-color":"","background-image":"","background-repeat":"repeat","background-position":"center center","background-size":"auto","background-attachment":"scroll","background-type":"","background-media":"","overlay-type":"","overlay-color":"","overlay-opacity":"","overlay-gradient":""},"mobile":{"background-color":"","background-image":"","background-repeat":"repeat","background-position":"center center","background-size":"auto","background-attachment":"scroll","background-type":"","background-media":"","overlay-type":"","overlay-color":"","overlay-opacity":"","overlay-gradient":""}},"ast-content-background-meta":{"desktop":{"background-color":"var(--ast-global-color-5)","background-image":"","background-repeat":"repeat","background-position":"center center","background-size":"auto","background-attachment":"scroll","background-type":"","background-media":"","overlay-type":"","overlay-color":"","overlay-opacity":"","overlay-gradient":""},"tablet":{"background-color":"var(--ast-global-color-5)","background-image":"","background-repeat":"repeat","background-position":"center center","background-size":"auto","background-attachment":"scroll","background-type":"","background-media":"","overlay-type":"","overlay-color":"","overlay-opacity":"","overlay-gradient":""},"mobile":{"background-color":"var(--ast-global-color-5)","background-image":"","background-repeat":"repeat","background-position":"center center","background-size":"auto","background-attachment":"scroll","background-type":"","background-media":"","overlay-type":"","overlay-color":"","overlay-opacity":"","overlay-gradient":""}}},"product_brand":[442],"product_cat":[30,86,50],"product_tag":[],"class_list":{"0":"post-9969","1":"product","2":"type-product","3":"status-publish","4":"has-post-thumbnail","6":"product_brand-velilla","7":"product_cat-industria-base","8":"product_cat-pantalones","9":"product_cat-ropa-profesional","10":"desktop-align-center","11":"tablet-align-left","12":"mobile-align-left","14":"first","15":"outofstock","16":"taxable","17":"shipping-taxable","18":"purchasable","19":"product-type-variable"},"_links":{"self":[{"href":"https:\/\/combi-pro.com\/fr\/wp-json\/wp\/v2\/product\/9969","targetHints":{"allow":["GET"]}}],"collection":[{"href":"https:\/\/combi-pro.com\/fr\/wp-json\/wp\/v2\/product"}],"about":[{"href":"https:\/\/combi-pro.com\/fr\/wp-json\/wp\/v2\/types\/product"}],"wp:featuredmedia":[{"embeddable":true,"href":"https:\/\/combi-pro.com\/fr\/wp-json\/wp\/v2\/media\/9972"}],"wp:attachment":[{"href":"https:\/\/combi-pro.com\/fr\/wp-json\/wp\/v2\/media?parent=9969"}],"wp:term":[{"taxonomy":"product_brand","embeddable":true,"href":"https:\/\/combi-pro.com\/fr\/wp-json\/wp\/v2\/product_brand?post=9969"},{"taxonomy":"product_cat","embeddable":true,"href":"https:\/\/combi-pro.com\/fr\/wp-json\/wp\/v2\/product_cat?post=9969"},{"taxonomy":"product_tag","embeddable":true,"href":"https:\/\/combi-pro.com\/fr\/wp-json\/wp\/v2\/product_tag?post=9969"}],"curies":[{"name":"wp","href":"https:\/\/api.w.org\/{rel}","templated":true}]}}