{"id":9978,"date":"2024-05-26T00:43:39","date_gmt":"2024-05-25T22:43:39","guid":{"rendered":"https:\/\/combi-pro.com\/?post_type=product&#038;p=9978"},"modified":"2026-04-13T20:25:03","modified_gmt":"2026-04-13T18:25:03","slug":"103028s-pantalon-en-denim-stretch","status":"publish","type":"product","link":"https:\/\/combi-pro.com\/fr\/boutique\/103028s-pantalon-en-denim-stretch\/","title":{"rendered":"Pantalon de travail multi-poches en denim stretch avec renforts m\u00e9talliques 103028S | VELILLA"},"content":{"rendered":"<div class=\"data item\" role=\"tablist\">\n<div id=\"tab-label-description\" class=\"data item title active\" tabindex=\"0\" role=\"tab\" data-role=\"collapsible\" data-collapsible=\"true\" aria-controls=\"description\" aria-selected=\"false\" aria-expanded=\"true\">\n<p data-start=\"737\" data-end=\"769\"><strong data-start=\"740\" data-end=\"769\">Caract\u00e9ristiques techniques :<\/strong><\/p>\n<ul>\n<li data-start=\"773\" data-end=\"789\">Coupe cintr\u00e9e<\/li>\n<li data-start=\"792\" data-end=\"820\">Fermeture centrale par bouton<\/li>\n<li data-start=\"823\" data-end=\"851\">Double couture de s\u00e9curit\u00e9<\/li>\n<li data-start=\"854\" data-end=\"886\">Rivets de renforcement m\u00e9talliques<\/li>\n<li data-start=\"889\" data-end=\"909\">Clips de genou<\/li>\n<li data-start=\"912\" data-end=\"929\">Huit poches :<\/li>\n<li data-start=\"934\" data-end=\"958\">2 poches avant<\/li>\n<li data-start=\"963\" data-end=\"984\">1 pochette de montre<\/li>\n<li data-start=\"989\" data-end=\"1062\">1 poche plaqu\u00e9e sur la jambe droite avec rabat et boutons-pression<\/li>\n<li data-start=\"1067\" data-end=\"1161\">1 poche lat\u00e9rale \u00e0 soufflet sur la jambe gauche avec rabat et boutons-pression<\/li>\n<li data-start=\"1166\" data-end=\"1198\">2 poches arri\u00e8re plaqu\u00e9es<\/li>\n<li data-start=\"1203\" data-end=\"1281\">1 poche \u00e0 outils sur la jambe droite, surmont\u00e9e d'une poche plaqu\u00e9e<\/li>\n<\/ul>\n<p data-start=\"1283\" data-end=\"1297\"><strong data-start=\"1286\" data-end=\"1297\">Tissu:<\/strong><\/p>\n<ul>\n<li data-start=\"1301\" data-end=\"1343\">Denim stretch : 98% coton - 2% \u00e9lasthanne<\/li>\n<li data-start=\"1346\" data-end=\"1363\">Grammage : 380 g\/m\u00b2.<\/li>\n<\/ul>\n<p data-start=\"1365\" data-end=\"1383\"><strong data-start=\"1368\" data-end=\"1377\">Gamme :<\/strong> Denim<\/p>\n<p data-start=\"1385\" data-end=\"1571\"><strong data-start=\"1387\" data-end=\"1412\">Recommandation d'utilisation :<\/strong><\/p>\n<ul>\n<li data-start=\"1385\" data-end=\"1571\">Con\u00e7u pour les travaux n\u00e9cessitant une libert\u00e9 de mouvement, une r\u00e9sistance \u00e0 l'usure et de multiples options de rangement. Id\u00e9al pour un usage quotidien intensif.<\/li>\n<\/ul>\n<\/div>\n<\/div>","protected":false},"excerpt":{"rendered":"<p data-start=\"340\" data-end=\"531\">Pantalon multi-poches en denim extensible avec renforts m\u00e9talliques, pinces aux genoux et coupe ajust\u00e9e. Robuste, confortable et fonctionnel pour le travail.<\/p>\n<p data-start=\"533\" data-end=\"735\"><img decoding=\"async\" class=\"alignnone wp-image-15239\" src=\"https:\/\/combi-pro.com\/wp-content\/uploads\/2025\/04\/icon-stretch-cotton.png\" alt=\"\" width=\"75\" height=\"40\" srcset=\"https:\/\/combi-pro.com\/wp-content\/uploads\/2025\/04\/icon-stretch-cotton.png 228w, https:\/\/combi-pro.com\/wp-content\/uploads\/2025\/04\/icon-stretch-cotton-64x34.png 64w, https:\/\/combi-pro.com\/wp-content\/uploads\/2025\/04\/icon-stretch-cotton-18x10.png 18w\" sizes=\"(max-width: 75px) 100vw, 75px\" \/> <img decoding=\"async\" class=\"alignnone wp-image-15219\" src=\"https:\/\/combi-pro.com\/wp-content\/uploads\/2025\/04\/icon-8pockets.png\" alt=\"\" width=\"40\" height=\"40\" srcset=\"https:\/\/combi-pro.com\/wp-content\/uploads\/2025\/04\/icon-8pockets.png 134w, https:\/\/combi-pro.com\/wp-content\/uploads\/2025\/04\/icon-8pockets-100x100.png 100w, https:\/\/combi-pro.com\/wp-content\/uploads\/2025\/04\/icon-8pockets-64x64.png 64w, https:\/\/combi-pro.com\/wp-content\/uploads\/2025\/04\/icon-8pockets-12x12.png 12w\" sizes=\"(max-width: 40px) 100vw, 40px\" \/><\/p>\n<p><strong>GUIDE DES TAILLES<\/strong><\/p>\n<p><strong><img decoding=\"async\" class=\"alignnone wp-image-17869\" src=\"https:\/\/combi-pro.com\/wp-content\/uploads\/2024\/05\/83-83-screenshot-1750322997685-300x113.png\" alt=\"\" width=\"318\" height=\"120\" srcset=\"https:\/\/combi-pro.com\/wp-content\/uploads\/2024\/05\/83-83-screenshot-1750322997685-300x113.png 300w, https:\/\/combi-pro.com\/wp-content\/uploads\/2024\/05\/83-83-screenshot-1750322997685-18x7.png 18w, https:\/\/combi-pro.com\/wp-content\/uploads\/2024\/05\/83-83-screenshot-1750322997685-64x24.png 64w, https:\/\/combi-pro.com\/wp-content\/uploads\/2024\/05\/83-83-screenshot-1750322997685.png 398w\" sizes=\"(max-width: 318px) 100vw, 318px\" \/> <img loading=\"lazy\" decoding=\"async\" class=\"alignnone wp-image-17729\" src=\"https:\/\/combi-pro.com\/wp-content\/uploads\/2024\/05\/screenshot-1749765502228.png\" alt=\"\" width=\"133\" height=\"100\" srcset=\"https:\/\/combi-pro.com\/wp-content\/uploads\/2024\/05\/screenshot-1749765502228.png 292w, https:\/\/combi-pro.com\/wp-content\/uploads\/2024\/05\/screenshot-1749765502228-64x48.png 64w, https:\/\/combi-pro.com\/wp-content\/uploads\/2024\/05\/screenshot-1749765502228-16x12.png 16w\" sizes=\"(max-width: 133px) 100vw, 133px\" \/>\u00a0<\/strong><\/p>","protected":false},"featured_media":9980,"template":"","meta":{"site-sidebar-layout":"default","site-content-layout":"","ast-site-content-layout":"default","site-content-style":"default","site-sidebar-style":"default","ast-global-header-display":"","ast-banner-title-visibility":"","ast-main-header-display":"","ast-hfb-above-header-display":"","ast-hfb-below-header-display":"","ast-hfb-mobile-header-display":"","site-post-title":"","ast-breadcrumbs-content":"","ast-featured-img":"","footer-sml-layout":"","ast-disable-related-posts":"","theme-transparent-header-meta":"default","adv-header-id-meta":"","stick-header-meta":"","header-above-stick-meta":"","header-main-stick-meta":"","header-below-stick-meta":"","astra-migrate-meta-layouts":"set","ast-page-background-enabled":"default","ast-page-background-meta":{"desktop":{"background-color":"","background-image":"","background-repeat":"repeat","background-position":"center center","background-size":"auto","background-attachment":"scroll","background-type":"","background-media":"","overlay-type":"","overlay-color":"","overlay-opacity":"","overlay-gradient":""},"tablet":{"background-color":"","background-image":"","background-repeat":"repeat","background-position":"center center","background-size":"auto","background-attachment":"scroll","background-type":"","background-media":"","overlay-type":"","overlay-color":"","overlay-opacity":"","overlay-gradient":""},"mobile":{"background-color":"","background-image":"","background-repeat":"repeat","background-position":"center center","background-size":"auto","background-attachment":"scroll","background-type":"","background-media":"","overlay-type":"","overlay-color":"","overlay-opacity":"","overlay-gradient":""}},"ast-content-background-meta":{"desktop":{"background-color":"var(--ast-global-color-5)","background-image":"","background-repeat":"repeat","background-position":"center center","background-size":"auto","background-attachment":"scroll","background-type":"","background-media":"","overlay-type":"","overlay-color":"","overlay-opacity":"","overlay-gradient":""},"tablet":{"background-color":"var(--ast-global-color-5)","background-image":"","background-repeat":"repeat","background-position":"center center","background-size":"auto","background-attachment":"scroll","background-type":"","background-media":"","overlay-type":"","overlay-color":"","overlay-opacity":"","overlay-gradient":""},"mobile":{"background-color":"var(--ast-global-color-5)","background-image":"","background-repeat":"repeat","background-position":"center center","background-size":"auto","background-attachment":"scroll","background-type":"","background-media":"","overlay-type":"","overlay-color":"","overlay-opacity":"","overlay-gradient":""}}},"product_brand":[442],"product_cat":[30,86,50],"product_tag":[],"class_list":{"0":"post-9978","1":"product","2":"type-product","3":"status-publish","4":"has-post-thumbnail","6":"product_brand-velilla","7":"product_cat-industria-base","8":"product_cat-pantalones","9":"product_cat-ropa-profesional","10":"desktop-align-center","11":"tablet-align-left","12":"mobile-align-left","14":"first","15":"outofstock","16":"taxable","17":"shipping-taxable","18":"purchasable","19":"product-type-variable"},"_links":{"self":[{"href":"https:\/\/combi-pro.com\/fr\/wp-json\/wp\/v2\/product\/9978","targetHints":{"allow":["GET"]}}],"collection":[{"href":"https:\/\/combi-pro.com\/fr\/wp-json\/wp\/v2\/product"}],"about":[{"href":"https:\/\/combi-pro.com\/fr\/wp-json\/wp\/v2\/types\/product"}],"wp:featuredmedia":[{"embeddable":true,"href":"https:\/\/combi-pro.com\/fr\/wp-json\/wp\/v2\/media\/9980"}],"wp:attachment":[{"href":"https:\/\/combi-pro.com\/fr\/wp-json\/wp\/v2\/media?parent=9978"}],"wp:term":[{"taxonomy":"product_brand","embeddable":true,"href":"https:\/\/combi-pro.com\/fr\/wp-json\/wp\/v2\/product_brand?post=9978"},{"taxonomy":"product_cat","embeddable":true,"href":"https:\/\/combi-pro.com\/fr\/wp-json\/wp\/v2\/product_cat?post=9978"},{"taxonomy":"product_tag","embeddable":true,"href":"https:\/\/combi-pro.com\/fr\/wp-json\/wp\/v2\/product_tag?post=9978"}],"curies":[{"name":"wp","href":"https:\/\/api.w.org\/{rel}","templated":true}]}}