{"id":9999,"date":"2024-05-26T01:00:47","date_gmt":"2024-05-25T23:00:47","guid":{"rendered":"https:\/\/combi-pro.com\/?post_type=product&#038;p=9999"},"modified":"2026-04-13T20:25:12","modified_gmt":"2026-04-13T18:25:12","slug":"103029s-bermuda-canvas-stretch","status":"publish","type":"product","link":"https:\/\/combi-pro.com\/fr\/boutique\/103029s-bermuda-canvas-stretch\/","title":{"rendered":"Bermuda de travail en toile stretch, bicolore avec poches flottantes 103029S | VELILLA"},"content":{"rendered":"<div class=\"data item\" role=\"tablist\">\n<div id=\"tab-label-description\" class=\"data item title active\" tabindex=\"0\" role=\"tab\" data-role=\"collapsible\" data-collapsible=\"true\" aria-controls=\"description\" aria-selected=\"false\" aria-expanded=\"true\">\n<p data-start=\"709\" data-end=\"741\"><strong data-start=\"712\" data-end=\"741\">Caract\u00e9ristiques techniques :<\/strong><\/p>\n<ul>\n<li data-start=\"745\" data-end=\"784\">Fermeture centrale \u00e0 glissi\u00e8re et bouton<\/li>\n<li data-start=\"787\" data-end=\"833\">Taille \u00e9lastiqu\u00e9e pour plus de confort<\/li>\n<li data-start=\"836\" data-end=\"887\">Renforcement du tissu \u00e0 l'arri\u00e8re pour plus de durabilit\u00e9<\/li>\n<li data-start=\"890\" data-end=\"941\">Double couture de s\u00e9curit\u00e9 pour plus de solidit\u00e9<\/li>\n<li data-start=\"944\" data-end=\"1002\">Anneau en plastique sur l'un des passants de la ceinture<\/li>\n<li data-start=\"1005\" data-end=\"1121\">Poches flottantes, avec diff\u00e9rents compartiments, qui peuvent \u00eatre ins\u00e9r\u00e9es \u00e0 l'int\u00e9rieur des poches fran\u00e7aises<\/li>\n<li data-start=\"1124\" data-end=\"1145\">Dix poches :<\/li>\n<li data-start=\"1150\" data-end=\"1173\">2 poches fran\u00e7aises<\/li>\n<li data-start=\"1178\" data-end=\"1201\">2 poches \u00e0 soufflet<\/li>\n<li data-start=\"1206\" data-end=\"1229\">6 poches suppl\u00e9mentaires<\/li>\n<\/ul>\n<p data-start=\"1263\" data-end=\"1279\"><strong data-start=\"1266\" data-end=\"1277\">Tissu:<\/strong><\/p>\n<ul>\n<li data-start=\"1282\" data-end=\"1329\">Toile stretch : 98% coton - 2% \u00e9lasthanne<\/li>\n<li data-start=\"1332\" data-end=\"1353\">Grammage : 240 g\/m\u00b2.<\/li>\n<\/ul>\n<p><strong data-start=\"1234\" data-end=\"1243\">Gamme : <\/strong>Match solide<\/p>\n<p data-start=\"1355\" data-end=\"1533\"><strong data-start=\"1357\" data-end=\"1382\">Recommandation d'utilisation :<\/strong><\/p>\n<ul>\n<li data-start=\"1355\" data-end=\"1533\">Id\u00e9al pour les travaux qui exigent flexibilit\u00e9, commodit\u00e9 et de multiples options de stockage, tels que le travail sur le terrain, la construction ou la logistique.<\/li>\n<\/ul>\n<\/div>\n<\/div>","protected":false},"excerpt":{"rendered":"<p data-start=\"301\" data-end=\"494\">Short de travail en toile extensible bicolore avec poches flottantes et ceinture \u00e9lastiqu\u00e9e. Parfait pour les t\u00e2ches n\u00e9cessitant souplesse et confort.<\/p>\n<p data-start=\"496\" data-end=\"707\"><img decoding=\"async\" class=\"alignnone wp-image-15233\" src=\"https:\/\/combi-pro.com\/wp-content\/uploads\/2025\/04\/icon-w240.png\" alt=\"\" width=\"111\" height=\"40\" srcset=\"https:\/\/combi-pro.com\/wp-content\/uploads\/2025\/04\/icon-w240.png 228w, https:\/\/combi-pro.com\/wp-content\/uploads\/2025\/04\/icon-w240-64x23.png 64w, https:\/\/combi-pro.com\/wp-content\/uploads\/2025\/04\/icon-w240-18x6.png 18w\" sizes=\"(max-width: 111px) 100vw, 111px\" \/> <img decoding=\"async\" class=\"alignnone wp-image-15234\" src=\"https:\/\/combi-pro.com\/wp-content\/uploads\/2025\/04\/icon-solidmatch.png\" alt=\"\" width=\"214\" height=\"40\" srcset=\"https:\/\/combi-pro.com\/wp-content\/uploads\/2025\/04\/icon-solidmatch.png 251w, https:\/\/combi-pro.com\/wp-content\/uploads\/2025\/04\/icon-solidmatch-64x12.png 64w, https:\/\/combi-pro.com\/wp-content\/uploads\/2025\/04\/icon-solidmatch-18x3.png 18w\" sizes=\"(max-width: 214px) 100vw, 214px\" \/> <img decoding=\"async\" class=\"alignnone wp-image-15239\" src=\"https:\/\/combi-pro.com\/wp-content\/uploads\/2025\/04\/icon-stretch-cotton.png\" alt=\"\" width=\"75\" height=\"40\" srcset=\"https:\/\/combi-pro.com\/wp-content\/uploads\/2025\/04\/icon-stretch-cotton.png 228w, https:\/\/combi-pro.com\/wp-content\/uploads\/2025\/04\/icon-stretch-cotton-64x34.png 64w, https:\/\/combi-pro.com\/wp-content\/uploads\/2025\/04\/icon-stretch-cotton-18x10.png 18w\" sizes=\"(max-width: 75px) 100vw, 75px\" \/> <img loading=\"lazy\" decoding=\"async\" class=\"alignnone wp-image-15217\" src=\"https:\/\/combi-pro.com\/wp-content\/uploads\/2025\/04\/icon-10pockets.png\" alt=\"\" width=\"40\" height=\"40\" srcset=\"https:\/\/combi-pro.com\/wp-content\/uploads\/2025\/04\/icon-10pockets.png 134w, https:\/\/combi-pro.com\/wp-content\/uploads\/2025\/04\/icon-10pockets-100x100.png 100w, https:\/\/combi-pro.com\/wp-content\/uploads\/2025\/04\/icon-10pockets-64x64.png 64w, https:\/\/combi-pro.com\/wp-content\/uploads\/2025\/04\/icon-10pockets-12x12.png 12w\" sizes=\"(max-width: 40px) 100vw, 40px\" \/> <img loading=\"lazy\" decoding=\"async\" class=\"alignnone wp-image-15222\" src=\"https:\/\/combi-pro.com\/wp-content\/uploads\/2025\/04\/icon-kneeback.png\" alt=\"\" width=\"40\" height=\"40\" srcset=\"https:\/\/combi-pro.com\/wp-content\/uploads\/2025\/04\/icon-kneeback.png 134w, https:\/\/combi-pro.com\/wp-content\/uploads\/2025\/04\/icon-kneeback-100x100.png 100w, https:\/\/combi-pro.com\/wp-content\/uploads\/2025\/04\/icon-kneeback-64x64.png 64w, https:\/\/combi-pro.com\/wp-content\/uploads\/2025\/04\/icon-kneeback-12x12.png 12w\" sizes=\"(max-width: 40px) 100vw, 40px\" \/><\/p>\n<p><strong>GUIDE DES TAILLES\u00a0 \u00a0 \u00a0 \u00a0<\/strong><span style=\"font-size: 16px;\"> \u00a0<\/span><\/p>\n<p><img loading=\"lazy\" decoding=\"async\" class=\"alignnone wp-image-17812\" src=\"https:\/\/combi-pro.com\/wp-content\/uploads\/2024\/05\/44.5-64.5-screenshot-1750115277300-300x103.png\" alt=\"\" width=\"350\" height=\"120\" srcset=\"https:\/\/combi-pro.com\/wp-content\/uploads\/2024\/05\/44.5-64.5-screenshot-1750115277300-300x103.png 300w, https:\/\/combi-pro.com\/wp-content\/uploads\/2024\/05\/44.5-64.5-screenshot-1750115277300-64x22.png 64w, https:\/\/combi-pro.com\/wp-content\/uploads\/2024\/05\/44.5-64.5-screenshot-1750115277300-18x6.png 18w, https:\/\/combi-pro.com\/wp-content\/uploads\/2024\/05\/44.5-64.5-screenshot-1750115277300.png 400w\" sizes=\"(max-width: 350px) 100vw, 350px\" \/> <img loading=\"lazy\" decoding=\"async\" class=\"alignnone wp-image-17729\" src=\"https:\/\/combi-pro.com\/wp-content\/uploads\/2024\/05\/screenshot-1749765502228.png\" alt=\"\" width=\"159\" height=\"120\" srcset=\"https:\/\/combi-pro.com\/wp-content\/uploads\/2024\/05\/screenshot-1749765502228.png 292w, https:\/\/combi-pro.com\/wp-content\/uploads\/2024\/05\/screenshot-1749765502228-64x48.png 64w, https:\/\/combi-pro.com\/wp-content\/uploads\/2024\/05\/screenshot-1749765502228-16x12.png 16w\" sizes=\"(max-width: 159px) 100vw, 159px\" \/><\/p>\n<p>&nbsp;<\/p>","protected":false},"featured_media":10006,"template":"","meta":{"site-sidebar-layout":"default","site-content-layout":"","ast-site-content-layout":"default","site-content-style":"default","site-sidebar-style":"default","ast-global-header-display":"","ast-banner-title-visibility":"","ast-main-header-display":"","ast-hfb-above-header-display":"","ast-hfb-below-header-display":"","ast-hfb-mobile-header-display":"","site-post-title":"","ast-breadcrumbs-content":"","ast-featured-img":"","footer-sml-layout":"","ast-disable-related-posts":"","theme-transparent-header-meta":"default","adv-header-id-meta":"","stick-header-meta":"","header-above-stick-meta":"","header-main-stick-meta":"","header-below-stick-meta":"","astra-migrate-meta-layouts":"set","ast-page-background-enabled":"default","ast-page-background-meta":{"desktop":{"background-color":"","background-image":"","background-repeat":"repeat","background-position":"center center","background-size":"auto","background-attachment":"scroll","background-type":"","background-media":"","overlay-type":"","overlay-color":"","overlay-opacity":"","overlay-gradient":""},"tablet":{"background-color":"","background-image":"","background-repeat":"repeat","background-position":"center center","background-size":"auto","background-attachment":"scroll","background-type":"","background-media":"","overlay-type":"","overlay-color":"","overlay-opacity":"","overlay-gradient":""},"mobile":{"background-color":"","background-image":"","background-repeat":"repeat","background-position":"center center","background-size":"auto","background-attachment":"scroll","background-type":"","background-media":"","overlay-type":"","overlay-color":"","overlay-opacity":"","overlay-gradient":""}},"ast-content-background-meta":{"desktop":{"background-color":"var(--ast-global-color-5)","background-image":"","background-repeat":"repeat","background-position":"center center","background-size":"auto","background-attachment":"scroll","background-type":"","background-media":"","overlay-type":"","overlay-color":"","overlay-opacity":"","overlay-gradient":""},"tablet":{"background-color":"var(--ast-global-color-5)","background-image":"","background-repeat":"repeat","background-position":"center center","background-size":"auto","background-attachment":"scroll","background-type":"","background-media":"","overlay-type":"","overlay-color":"","overlay-opacity":"","overlay-gradient":""},"mobile":{"background-color":"var(--ast-global-color-5)","background-image":"","background-repeat":"repeat","background-position":"center center","background-size":"auto","background-attachment":"scroll","background-type":"","background-media":"","overlay-type":"","overlay-color":"","overlay-opacity":"","overlay-gradient":""}}},"product_brand":[442],"product_cat":[491,30,50],"product_tag":[],"class_list":{"0":"post-9999","1":"product","2":"type-product","3":"status-publish","4":"has-post-thumbnail","6":"product_brand-velilla","7":"product_cat-bermudas-industrial-base","8":"product_cat-industria-base","9":"product_cat-ropa-profesional","10":"desktop-align-center","11":"tablet-align-left","12":"mobile-align-left","14":"first","15":"outofstock","16":"taxable","17":"shipping-taxable","18":"purchasable","19":"product-type-variable","20":"has-default-attributes"},"_links":{"self":[{"href":"https:\/\/combi-pro.com\/fr\/wp-json\/wp\/v2\/product\/9999","targetHints":{"allow":["GET"]}}],"collection":[{"href":"https:\/\/combi-pro.com\/fr\/wp-json\/wp\/v2\/product"}],"about":[{"href":"https:\/\/combi-pro.com\/fr\/wp-json\/wp\/v2\/types\/product"}],"wp:featuredmedia":[{"embeddable":true,"href":"https:\/\/combi-pro.com\/fr\/wp-json\/wp\/v2\/media\/10006"}],"wp:attachment":[{"href":"https:\/\/combi-pro.com\/fr\/wp-json\/wp\/v2\/media?parent=9999"}],"wp:term":[{"taxonomy":"product_brand","embeddable":true,"href":"https:\/\/combi-pro.com\/fr\/wp-json\/wp\/v2\/product_brand?post=9999"},{"taxonomy":"product_cat","embeddable":true,"href":"https:\/\/combi-pro.com\/fr\/wp-json\/wp\/v2\/product_cat?post=9999"},{"taxonomy":"product_tag","embeddable":true,"href":"https:\/\/combi-pro.com\/fr\/wp-json\/wp\/v2\/product_tag?post=9999"}],"curies":[{"name":"wp","href":"https:\/\/api.w.org\/{rel}","templated":true}]}}